{"id":112,"date":"2017-09-27T16:43:18","date_gmt":"2017-09-27T16:43:18","guid":{"rendered":"http:\/\/eletrobauer.com.br\/segurancaeletronica\/?page_id=112"},"modified":"2017-09-28T19:15:47","modified_gmt":"2017-09-28T19:15:47","slug":"bem-vindo-eletrobauer-online","status":"publish","type":"page","link":"https:\/\/eletrobauer.com.br\/segurancaeletronica\/","title":{"rendered":"Eletrobauer Seguran\u00e7a Eletr\u00f4nica Petr\u00f3polis  RJ"},"content":{"rendered":"<div id='gallery-1' class='gallery galleryid-112 gallery-columns-1 gallery-size-full'><figure class='gallery-item'>\n\t\t\t<div class='gallery-icon landscape'>\n\t\t\t\t<a href='https:\/\/eletrobauer.com.br\/segurancaeletronica\/wp-content\/uploads\/2017\/09\/all2.jpg' title=\"all2\" data-rl_title=\"all2\" class=\"rl-gallery-link\" data-rl_caption=\"all2\" data-rel=\"lightbox-gallery-1\"><img loading=\"lazy\" decoding=\"async\" width=\"918\" height=\"102\" src=\"https:\/\/eletrobauer.com.br\/segurancaeletronica\/wp-content\/uploads\/2017\/09\/all2.jpg\" class=\"attachment-full size-full\" alt=\"\" srcset=\"https:\/\/eletrobauer.com.br\/segurancaeletronica\/wp-content\/uploads\/2017\/09\/all2.jpg 918w, https:\/\/eletrobauer.com.br\/segurancaeletronica\/wp-content\/uploads\/2017\/09\/all2-300x33.jpg 300w, https:\/\/eletrobauer.com.br\/segurancaeletronica\/wp-content\/uploads\/2017\/09\/all2-768x85.jpg 768w, https:\/\/eletrobauer.com.br\/segurancaeletronica\/wp-content\/uploads\/2017\/09\/all2-360x40.jpg 360w\" sizes=\"auto, (max-width: 918px) 100vw, 918px\" \/><\/a>\n\t\t\t<\/div><\/figure>\n\t\t<\/div>\n\n","protected":false},"excerpt":{"rendered":"","protected":false},"author":1,"featured_media":0,"parent":0,"menu_order":0,"comment_status":"closed","ping_status":"closed","template":"","meta":{"footnotes":"","_links_to":"","_links_to_target":""},"class_list":["post-112","page","type-page","status-publish","hentry"],"_links":{"self":[{"href":"https:\/\/eletrobauer.com.br\/segurancaeletronica\/wp-json\/wp\/v2\/pages\/112","targetHints":{"allow":["GET"]}}],"collection":[{"href":"https:\/\/eletrobauer.com.br\/segurancaeletronica\/wp-json\/wp\/v2\/pages"}],"about":[{"href":"https:\/\/eletrobauer.com.br\/segurancaeletronica\/wp-json\/wp\/v2\/types\/page"}],"author":[{"embeddable":true,"href":"https:\/\/eletrobauer.com.br\/segurancaeletronica\/wp-json\/wp\/v2\/users\/1"}],"replies":[{"embeddable":true,"href":"https:\/\/eletrobauer.com.br\/segurancaeletronica\/wp-json\/wp\/v2\/comments?post=112"}],"version-history":[{"count":3,"href":"https:\/\/eletrobauer.com.br\/segurancaeletronica\/wp-json\/wp\/v2\/pages\/112\/revisions"}],"predecessor-version":[{"id":181,"href":"https:\/\/eletrobauer.com.br\/segurancaeletronica\/wp-json\/wp\/v2\/pages\/112\/revisions\/181"}],"wp:attachment":[{"href":"https:\/\/eletrobauer.com.br\/segurancaeletronica\/wp-json\/wp\/v2\/media?parent=112"}],"curies":[{"name":"wp","href":"https:\/\/api.w.org\/{rel}","templated":true}]}}