{"id":273,"date":"2018-07-30T13:35:23","date_gmt":"2018-07-30T13:35:23","guid":{"rendered":"http:\/\/eletrobauer.com.br\/segurancaeletronica\/?page_id=273"},"modified":"2024-03-12T13:26:06","modified_gmt":"2024-03-12T13:26:06","slug":"alarme-monitorado","status":"publish","type":"page","link":"https:\/\/eletrobauer.com.br\/segurancaeletronica\/alarme-monitorado\/","title":{"rendered":"Alarme Monitorado"},"content":{"rendered":"<blockquote>\n<h2>Sua Fam\u00edlia Sempre Protegida!<\/h2>\n<\/blockquote>\n<p>Oferecemos um sistema completo de sensores e alarmes para ambiente comercial e residencial, atrelados ao mais eficiente servi\u00e7o de monitoramento remoto pelo nosso centro de controle.<br \/>\nCom equipes treinadas e profissionais capacitados a <strong>Eletrobauer<\/strong> realiza uma avalia\u00e7\u00e3o t\u00e9cnica para garantir uma instala\u00e7\u00e3o adequada para voc\u00ea oferecendo:<\/p>\n<div class=\"su-table su-table-alternate\">\n<table>\n<tbody>\n<tr style=\"background-color: #ff00ff\">\n<td width=\"50%\">Sistema de alarme com instala\u00e7\u00e3o r\u00e1pida<\/td>\n<td width=\"50%\">Central de monitoramento 24h<\/td>\n<\/tr>\n<tr>\n<td>Preven\u00e7\u00e3o efetiva, com sistema de bot\u00e3o de p\u00e2nico<\/td>\n<td>Servi\u00e7o de pronta-resposta<\/td>\n<\/tr>\n<tr>\n<td>Detec\u00e7\u00e3o e preven\u00e7\u00e3o<\/td>\n<td><\/td>\n<\/tr>\n<\/tbody>\n<\/table>\n<\/div>\n<p>&nbsp;<\/p>\n<p><strong>Preven\u00e7\u00e3o, Sensoriamento, Monitoramento e Pronta Resposta<\/strong><\/p>\n<hr \/>\n<div id=\"su_slider_69dbc5e1571a8\" class=\"su-slider su-slider-centered su-slider-pages-yes su-slider-responsive-no su-lightbox-gallery\" style=\"width:800px;height:380px\" data-autoplay=\"3000\" data-speed=\"600\" data-mousewheel=\"false\"><div class=\"su-slider-slides\"><div class=\"su-slider-slide\"><a href=\"https:\/\/eletrobauer.com.br\/segurancaeletronica\/wp-content\/uploads\/2018\/08\/ban1.jpg\"  title=\"\" data-rel=\"lightbox-image-0\" data-rl_title=\"\" data-rl_caption=\"\"><img decoding=\"async\" src=\"https:\/\/eletrobauer.com.br\/segurancaeletronica\/wp-content\/uploads\/2018\/08\/ban1-800x380.jpg\" alt=\"Alarme Monitorado &#8211; Preven\u00e7\u00e3o\" \/><\/a><\/div><div class=\"su-slider-slide\"><a href=\"https:\/\/eletrobauer.com.br\/segurancaeletronica\/wp-content\/uploads\/2018\/08\/ban2.jpg\"  title=\"\" data-rel=\"lightbox-image-1\" data-rl_title=\"\" data-rl_caption=\"\"><img decoding=\"async\" src=\"https:\/\/eletrobauer.com.br\/segurancaeletronica\/wp-content\/uploads\/2018\/08\/ban2-800x380.jpg\" alt=\"Alarme Monitorado &#8211; Sensoriamento\" \/><\/a><\/div><div class=\"su-slider-slide\"><a href=\"https:\/\/eletrobauer.com.br\/segurancaeletronica\/wp-content\/uploads\/2018\/08\/ban3.jpg\"  title=\"\" data-rel=\"lightbox-image-2\" data-rl_title=\"\" data-rl_caption=\"\"><img decoding=\"async\" src=\"https:\/\/eletrobauer.com.br\/segurancaeletronica\/wp-content\/uploads\/2018\/08\/ban3-800x380.jpg\" alt=\"Alarme Monitorado &#8211; Monitoramento\" \/><\/a><\/div><div class=\"su-slider-slide\"><a href=\"https:\/\/eletrobauer.com.br\/segurancaeletronica\/wp-content\/uploads\/2018\/08\/ban04.jpg\"  title=\"\" data-rel=\"lightbox-image-3\" data-rl_title=\"\" data-rl_caption=\"\"><img decoding=\"async\" src=\"https:\/\/eletrobauer.com.br\/segurancaeletronica\/wp-content\/uploads\/2018\/08\/ban04-800x380.jpg\" alt=\"Alarme Monitorado &#8211; Pronta resposta\" \/><\/a><\/div><\/div><div class=\"su-slider-nav\"><div class=\"su-slider-direction\"><span class=\"su-slider-prev\"><\/span><span class=\"su-slider-next\"><\/span><\/div><div class=\"su-slider-pagination\"><\/div><\/div><\/div>\n<hr \/>\n<h2><strong>CONHE\u00c7A OS <span style=\"color: #000080;\">KITS ELETROBAUER<\/span>:<\/strong><\/h2>\n<p><strong>Com esses kits \u00e9 poss\u00edvel cobrir pontos vulner\u00e1veis , entregando um eficiente sistema de monitoramento permitindo o acompanhamento em tempo real dos acionamentos no local a partir de regras pr\u00e9-estabelecidas de acordo com a rotina de cada cliente.\u00a0<\/strong><\/p>\n<div class=\"su-note\"  style=\"border-color:#cfcfcf;border-radius:3px;-moz-border-radius:3px;-webkit-border-radius:3px;\"><div class=\"su-note-inner su-u-clearfix su-u-trim\" style=\"background-color:#e9e9e9;border-color:#ffffff;color:#333333;border-radius:3px;-moz-border-radius:3px;-webkit-border-radius:3px;\">\n<h2>Contrate agora mesmo: telefone (24) 2103-3789<\/h2>\n<\/div><\/div>\n<div class=\"su-table su-table-alternate\">\n<table>\n<tbody>\n<tr>\n<td><div class=\"su-note\" style=\"border-color:#0e253e;border-radius:3px\"><div class=\"su-note-inner su-u-clearfix su-u-trim\" style=\"background-color:#283F58;border-color:#f4ffff;color:#333333;border-radius:3px\">\n<h1><span style=\"color: #999999\"><strong>KIT START<\/strong><\/span><\/h1>\n<p><span style=\"color: #ffffff\"><strong>Monitoramento 24h<\/strong><\/span><\/p>\n<\/div><\/div><\/td>\n<\/tr>\n<tr>\n<td>Central \/ Sirene \/ Bot\u00e3o de p\u00e2nico<\/td>\n<\/tr>\n<tr>\n<td>At\u00e9 3 sensores de presen\u00e7a<\/td>\n<\/tr>\n<tr>\n<td>Linha fixa + Internet<\/td>\n<\/tr>\n<tr>\n<td>Monitoramento pela central 24h<\/td>\n<\/tr>\n<tr>\n<td>Apoio com viatura no local<\/td>\n<\/tr>\n<tr>\n<td>Aviso \u00e0 pol\u00edcia<\/td>\n<\/tr>\n<tr>\n<td><a href=\"https:\/\/api.whatsapp.com\/send?phone=5524992760899&#038;text=Ol%C3%A1,%20eu%20estou%20no%20site%20Eletrobauer%20e%20gostaria%20de%20obter%20orcamento%20KIT%20START\" class=\"su-button su-button-style-default\" style=\"color:#FFFFFF;background-color:#2D89EF;border-color:#246ec0;border-radius:5px\" target=\"_self\"><span style=\"color:#FFFFFF;padding:6px 16px;font-size:13px;line-height:20px;border-color:#6cadf4;border-radius:5px\"><i class=\"sui sui-edit\" style=\"font-size:13px;color:#FFFFFF\"><\/i> Solicite or\u00e7amento KIT START<\/span><\/a><\/td>\n<\/tr>\n<\/tbody>\n<\/table>\n<\/div>\n<div class=\"su-table su-table-alternate\">\n<table>\n<tbody>\n<tr>\n<td><div class=\"su-note\" style=\"border-color:#0e253e;border-radius:3px\"><div class=\"su-note-inner su-u-clearfix su-u-trim\" style=\"background-color:#283F58;border-color:#f4ffff;color:#333333;border-radius:3px\">\n<h1><span style=\"color: #999999\"><strong>KIT CLASSIC<\/strong><\/span><\/h1>\n<p><span style=\"color: #ffffff\"><strong>Monitoramento 24h<\/strong><\/span><\/p>\n<\/div><\/div><\/td>\n<\/tr>\n<tr>\n<td>Central \/ Sirene \/ Bot\u00e3o de p\u00e2nico<\/td>\n<\/tr>\n<tr>\n<td>At\u00e9 6 sensores de presen\u00e7a<\/td>\n<\/tr>\n<tr>\n<td>Conex\u00e3o segura mesmo sem energia ou telefone<\/td>\n<\/tr>\n<tr>\n<td>Monitoramento pela central 24h<\/td>\n<\/tr>\n<tr>\n<td>Comande o alarme pelo celular<\/td>\n<\/tr>\n<tr>\n<td>Apoio com viatura no local<\/td>\n<\/tr>\n<tr>\n<td>Aviso \u00e0 pol\u00edcia<\/td>\n<\/tr>\n<tr>\n<td><a href=\"https:\/\/api.whatsapp.com\/send?phone=5524992760899&#038;text=Ol%C3%A1,%20eu%20estou%20no%20site%20Eletrobauer%20e%20gostaria%20de%20obter%20orcamento%20KIT%20CLASSIC\" class=\"su-button su-button-style-default\" style=\"color:#FFFFFF;background-color:#2D89EF;border-color:#246ec0;border-radius:5px\" target=\"_self\"><span style=\"color:#FFFFFF;padding:6px 16px;font-size:13px;line-height:20px;border-color:#6cadf4;border-radius:5px\"><i class=\"sui sui-edit\" style=\"font-size:13px;color:#FFFFFF\"><\/i> Solicite or\u00e7amento KIT CLASSIC<\/span><\/a><\/td>\n<\/tr>\n<\/tbody>\n<\/table>\n<\/div>\n<div class=\"su-table su-table-alternate\">\n<table>\n<tbody>\n<tr>\n<td><div class=\"su-note\" style=\"border-color:#0e253e;border-radius:3px\"><div class=\"su-note-inner su-u-clearfix su-u-trim\" style=\"background-color:#283F58;border-color:#f4ffff;color:#333333;border-radius:3px\">\n<h1><span style=\"color: #999999\"><strong>KIT SMART<\/strong><\/span><\/h1>\n<p><span style=\"color: #ffffff\"><strong>Monitoramento 24h<\/strong><\/span><\/p>\n<\/div><\/div><\/td>\n<\/tr>\n<tr>\n<td>At\u00e9 2 sensores com transmiss\u00e3o de imagens<\/td>\n<\/tr>\n<tr>\n<td>Central \/ Sirene \/ Bot\u00e3o de p\u00e2nico<\/td>\n<\/tr>\n<tr>\n<td>Conex\u00e3o segura mesmo sem energia ou telefone<\/td>\n<\/tr>\n<tr>\n<td>Monitoramento pela central 24h<\/td>\n<\/tr>\n<tr>\n<td>Comande o alarme pelo celular<\/td>\n<\/tr>\n<tr>\n<td>Apoio com viatura no local<\/td>\n<\/tr>\n<tr>\n<td>Aviso \u00e0 pol\u00edcia<\/td>\n<\/tr>\n<tr>\n<td><a href=\"https:\/\/api.whatsapp.com\/send?phone=5524992760899&#038;text=Ol%C3%A1,%20eu%20estou%20no%20site%20Eletrobauer%20e%20gostaria%20de%20obter%20orcamento%20KIT%20SMART\" class=\"su-button su-button-style-default\" style=\"color:#FFFFFF;background-color:#2D89EF;border-color:#246ec0;border-radius:5px\" target=\"_self\"><span style=\"color:#FFFFFF;padding:6px 16px;font-size:13px;line-height:20px;border-color:#6cadf4;border-radius:5px\"><i class=\"sui sui-edit\" style=\"font-size:13px;color:#FFFFFF\"><\/i> Solicite or\u00e7amento KIT SMART <\/span><\/a><\/td>\n<\/tr>\n<\/tbody>\n<\/table>\n<\/div>\n<div class=\"su-table su-table-alternate\">\n<table>\n<tbody>\n<tr>\n<td><div class=\"su-note\" style=\"border-color:#0e253e;border-radius:3px\"><div class=\"su-note-inner su-u-clearfix su-u-trim\" style=\"background-color:#283F58;border-color:#f4ffff;color:#333333;border-radius:3px\">\n<h1><span style=\"color: #999999\"><strong>KIT PREMIUM<\/strong><\/span><\/h1>\n<p><span style=\"color: #ffffff\"><strong>Monitoramento 24h<\/strong><\/span><\/div><\/div><\/td>\n<\/tr>\n<tr>\n<td>Kit com 4 c\u00e2meras HD<\/td>\n<\/tr>\n<tr>\n<td>Central \/ Sirene \/ Bot\u00e3o de p\u00e2nico<\/td>\n<\/tr>\n<tr>\n<td>At\u00e9 6 sensores de presen\u00e7a<\/td>\n<\/tr>\n<tr>\n<td>Conex\u00e3o segura mesmo sem energia ou telefone<\/td>\n<\/tr>\n<tr>\n<td>Monitoramento pela central 24h<\/td>\n<\/tr>\n<tr>\n<td>Comande o alarme pelo celular<\/td>\n<\/tr>\n<tr>\n<td>Apoio com viatura no local<\/td>\n<\/tr>\n<tr>\n<td>Aviso \u00e0 pol\u00edcia<\/td>\n<\/tr>\n<tr>\n<td><a href=\"https:\/\/api.whatsapp.com\/send?phone=5524992760899&#038;text=Ol%C3%A1,%20eu%20estou%20no%20site%20Eletrobauer%20e%20gostaria%20de%20obter%20orcamento%20KIT%PREMIUM\" class=\"su-button su-button-style-default\" style=\"color:#FFFFFF;background-color:#2D89EF;border-color:#246ec0;border-radius:5px\" target=\"_self\"><span style=\"color:#FFFFFF;padding:6px 16px;font-size:13px;line-height:20px;border-color:#6cadf4;border-radius:5px\"><i class=\"sui sui-edit\" style=\"font-size:13px;color:#FFFFFF\"><\/i> Solicite or\u00e7amento KIT PREMIUM<\/span><\/a><\/td>\n<\/tr>\n<\/tbody>\n<\/table>\n<\/div>\n<p>&nbsp;<\/p>\n<p style=\"text-align: center;\"><a href=\"http:\/\/eletrobauer.com.br\/segurancaeletronica\/contatos\/contato-comercial\/\" class=\"su-button su-button-style-default\" style=\"color:#FFFFFF;background-color:#2D89EF;border-color:#246ec0;border-radius:5px\" target=\"_self\"><span style=\"color:#FFFFFF;padding:6px 16px;font-size:13px;line-height:20px;border-color:#6cadf4;border-radius:5px;text-shadow:none\"><i class=\"sui sui-paper-plane\" style=\"font-size:13px;color:#FFFFFF\"><\/i>  Or\u00e7amento<\/span><\/a>\u00a0<a href=\"http:\/\/eletrobauer.com.br\/segurancaeletronica\/solucoes-em-seguranca\/\" class=\"su-button su-button-style-default\" style=\"color:#FFFFFF;background-color:#2D89EF;border-color:#246ec0;border-radius:5px\" target=\"_self\"><span style=\"color:#FFFFFF;padding:6px 16px;font-size:13px;line-height:20px;border-color:#6cadf4;border-radius:5px;text-shadow:none\"><i class=\"sui sui-get-pocket\" style=\"font-size:13px;color:#FFFFFF\"><\/i>  Solu\u00e7\u00f5es<\/span><\/a>\u00a0<a href=\"http:\/\/eletrobauer.com.br\/segurancaeletronica\/sobre-a-eletrobauer\/\" class=\"su-button su-button-style-default\" style=\"color:#FFFFFF;background-color:#2D89EF;border-color:#246ec0;border-radius:5px\" target=\"_self\"><span style=\"color:#FFFFFF;padding:6px 16px;font-size:13px;line-height:20px;border-color:#6cadf4;border-radius:5px;text-shadow:none\"><i class=\"sui sui-address-book-o\" style=\"font-size:13px;color:#FFFFFF\"><\/i> Sobre N\u00f3s<\/span><\/a>\n","protected":false},"excerpt":{"rendered":"<p>Sua Fam\u00edlia Sempre Protegida! Oferecemos um sistema completo de sensores e alarmes para ambiente comercial e residencial, atrelados ao mais eficiente servi\u00e7o de monitoramento remoto pelo nosso centro de controle. Com equipes treinadas e profissionais capacitados a Eletrobauer realiza uma&hellip;&nbsp;<a href=\"https:\/\/eletrobauer.com.br\/segurancaeletronica\/alarme-monitorado\/\" class=\"more-link\">Saiba Mais<\/a><\/p>\n","protected":false},"author":1,"featured_media":0,"parent":0,"menu_order":0,"comment_status":"closed","ping_status":"closed","template":"","meta":{"footnotes":"","_links_to":"","_links_to_target":""},"class_list":["post-273","page","type-page","status-publish","hentry"],"_links":{"self":[{"href":"https:\/\/eletrobauer.com.br\/segurancaeletronica\/wp-json\/wp\/v2\/pages\/273","targetHints":{"allow":["GET"]}}],"collection":[{"href":"https:\/\/eletrobauer.com.br\/segurancaeletronica\/wp-json\/wp\/v2\/pages"}],"about":[{"href":"https:\/\/eletrobauer.com.br\/segurancaeletronica\/wp-json\/wp\/v2\/types\/page"}],"author":[{"embeddable":true,"href":"https:\/\/eletrobauer.com.br\/segurancaeletronica\/wp-json\/wp\/v2\/users\/1"}],"replies":[{"embeddable":true,"href":"https:\/\/eletrobauer.com.br\/segurancaeletronica\/wp-json\/wp\/v2\/comments?post=273"}],"version-history":[{"count":65,"href":"https:\/\/eletrobauer.com.br\/segurancaeletronica\/wp-json\/wp\/v2\/pages\/273\/revisions"}],"predecessor-version":[{"id":997,"href":"https:\/\/eletrobauer.com.br\/segurancaeletronica\/wp-json\/wp\/v2\/pages\/273\/revisions\/997"}],"wp:attachment":[{"href":"https:\/\/eletrobauer.com.br\/segurancaeletronica\/wp-json\/wp\/v2\/media?parent=273"}],"curies":[{"name":"wp","href":"https:\/\/api.w.org\/{rel}","templated":true}]}}