{"id":276,"date":"2018-07-30T13:37:08","date_gmt":"2018-07-30T13:37:08","guid":{"rendered":"http:\/\/eletrobauer.com.br\/segurancaeletronica\/?page_id=276"},"modified":"2018-08-15T13:46:55","modified_gmt":"2018-08-15T13:46:55","slug":"cameras-de-monitoramento","status":"publish","type":"page","link":"https:\/\/eletrobauer.com.br\/segurancaeletronica\/cameras-de-monitoramento\/","title":{"rendered":"C\u00e2meras de Monitoramento"},"content":{"rendered":"<blockquote>\n<h3>Vigil\u00e2ncia De Forma Simplificada!<\/h3>\n<\/blockquote>\n<hr \/>\n<p><strong>Mantenha seu lar ou seu neg\u00f3cio seguro com uma solu\u00e7\u00e3o de vigil\u00e2ncia por c\u00e2meras. <\/strong><\/p>\n<hr \/>\n<p>Com as solu\u00e7\u00f5es da <strong><a href=\"https:\/\/eletrobauer.com.br\/segurancaeletronica\/sobre-a-eletrobauer\/\">Eletrobauer<\/a><\/strong>, voc\u00ea pode monitorar todas as suas instala\u00e7\u00f5es localmente, e melhor de forma remota atrav\u00e9s de computador, celular ou tablet.<br \/>\nCom sistemas flex\u00edveis por meio de venda ou comodato, ofertamos solu\u00e7\u00f5es confi\u00e1veis e com alta tecnologia, pronta para ser dimensionada para qualquer necessidade sendo residencial ou comercial;<br \/>\nA solu\u00e7\u00e3o pode ser aplicada a sua resid\u00eancia, loja, hotel, escrit\u00f3rio ou qualquer outro neg\u00f3cio, sendo projetada para manter seus neg\u00f3cios sempre seguros, e conceder a voc\u00ea ainda mais tranquilidade.<\/p>\n<p>C\u00e2meras de vigil\u00e2ncia de alta resolu\u00e7\u00e3o, solu\u00e7\u00f5es de grava\u00e7\u00e3o de v\u00eddeo, locais ou na nuvem e softwares de gerenciamento de v\u00eddeo, permitem a voc\u00ea ter um \u00f3timo custo benef\u00edcio em seus projetos de v\u00eddeo vigil\u00e2ncia.<\/p>\n<hr \/>\n<p><strong>Veja o diferencial das imagens em HD para sistemas com imagens anal\u00f3gicas:<\/strong><\/p>\n<div style=\"width: 640px;\" class=\"wp-video\"><video class=\"wp-video-shortcode\" id=\"video-276-1\" width=\"640\" height=\"360\" preload=\"metadata\" controls=\"controls\"><source type=\"video\/mp4\" src=\"https:\/\/eletrobauer.com.br\/segurancaeletronica\/wp-content\/uploads\/2018\/08\/video_eletrobauer_comparativo.mp4?_=1\" \/><a href=\"https:\/\/eletrobauer.com.br\/segurancaeletronica\/wp-content\/uploads\/2018\/08\/video_eletrobauer_comparativo.mp4\">https:\/\/eletrobauer.com.br\/segurancaeletronica\/wp-content\/uploads\/2018\/08\/video_eletrobauer_comparativo.mp4<\/a><\/video><\/div>\n<hr \/>\n<p><a href=\"https:\/\/eletrobauer.com.br\/segurancaeletronica\/contatos\/contato-comercial\/\">Fale conosco e modernize seu sistema de monitoramento<\/a>.<\/p>\n<hr \/>\n<div id='gallery-1' class='gallery galleryid-276 gallery-columns-4 gallery-size-thumbnail'><figure class='gallery-item'>\n\t\t\t<div class='gallery-icon portrait'>\n\t\t\t\t<a href='https:\/\/eletrobauer.com.br\/segurancaeletronica\/wp-content\/uploads\/2018\/08\/cam_monitoramento3.jpg' title=\"cam_monitoramento3\" data-rl_title=\"cam_monitoramento3\" class=\"rl-gallery-link\" data-rl_caption=\"cam_monitoramento3\" data-rel=\"lightbox-gallery-1\"><img loading=\"lazy\" decoding=\"async\" width=\"150\" height=\"150\" src=\"https:\/\/eletrobauer.com.br\/segurancaeletronica\/wp-content\/uploads\/2018\/08\/cam_monitoramento3-150x150.jpg\" class=\"attachment-thumbnail size-thumbnail\" alt=\"\" \/><\/a>\n\t\t\t<\/div><\/figure><figure class='gallery-item'>\n\t\t\t<div class='gallery-icon landscape'>\n\t\t\t\t<a href='https:\/\/eletrobauer.com.br\/segurancaeletronica\/wp-content\/uploads\/2018\/08\/ban_cam_monitoramento3.jpg' title=\"ban_cam_monitoramento3\" data-rl_title=\"ban_cam_monitoramento3\" class=\"rl-gallery-link\" data-rl_caption=\"ban_cam_monitoramento3\" data-rel=\"lightbox-gallery-1\"><img loading=\"lazy\" decoding=\"async\" width=\"150\" height=\"150\" src=\"https:\/\/eletrobauer.com.br\/segurancaeletronica\/wp-content\/uploads\/2018\/08\/ban_cam_monitoramento3-150x150.jpg\" class=\"attachment-thumbnail size-thumbnail\" alt=\"\" \/><\/a>\n\t\t\t<\/div><\/figure><figure class='gallery-item'>\n\t\t\t<div class='gallery-icon landscape'>\n\t\t\t\t<a href='https:\/\/eletrobauer.com.br\/segurancaeletronica\/wp-content\/uploads\/2018\/08\/ban_cam_monitoramento1.jpg' title=\"ban_cam_monitoramento1\" data-rl_title=\"ban_cam_monitoramento1\" class=\"rl-gallery-link\" data-rl_caption=\"ban_cam_monitoramento1\" data-rel=\"lightbox-gallery-1\"><img loading=\"lazy\" decoding=\"async\" width=\"150\" height=\"150\" src=\"https:\/\/eletrobauer.com.br\/segurancaeletronica\/wp-content\/uploads\/2018\/08\/ban_cam_monitoramento1-150x150.jpg\" class=\"attachment-thumbnail size-thumbnail\" alt=\"\" \/><\/a>\n\t\t\t<\/div><\/figure><figure class='gallery-item'>\n\t\t\t<div class='gallery-icon landscape'>\n\t\t\t\t<a href='https:\/\/eletrobauer.com.br\/segurancaeletronica\/wp-content\/uploads\/2018\/08\/ban_cam_monitoramento2.jpg' title=\"ban_cam_monitoramento2\" data-rl_title=\"ban_cam_monitoramento2\" class=\"rl-gallery-link\" data-rl_caption=\"ban_cam_monitoramento2\" data-rel=\"lightbox-gallery-1\"><img loading=\"lazy\" decoding=\"async\" width=\"150\" height=\"150\" src=\"https:\/\/eletrobauer.com.br\/segurancaeletronica\/wp-content\/uploads\/2018\/08\/ban_cam_monitoramento2-150x150.jpg\" class=\"attachment-thumbnail size-thumbnail\" alt=\"\" \/><\/a>\n\t\t\t<\/div><\/figure>\n\t\t<\/div>\n\n<div class=\"su-note\"  style=\"border-color:#dddddd;border-radius:3px;-moz-border-radius:3px;-webkit-border-radius:3px;\"><div class=\"su-note-inner su-u-clearfix su-u-trim\" style=\"background-color:#F7F7F7;border-color:#ffffff;color:#333333;border-radius:3px;-moz-border-radius:3px;-webkit-border-radius:3px;\">\n<p><strong>Benef\u00edcios Do Sistema De Monitoramento:<\/strong><\/p>\n<p>Monitorar c\u00e2meras remotamente \u00e9 uma realidade. Hoje, com as novas tecnologias em Nuvem \u00e9 poss\u00edvel ter acesso a imagens em tempo real, atrav\u00e9s de computadores ou smartphones conectados \u00e0 internet, seja por uma rede 3G, 4G ou Wi-Fi.<\/p>\n<p>Os benef\u00edcios de um sistema de monitoramento remoto de c\u00e2meras n\u00e3o est\u00e3o limitados \u00e0 visualiza\u00e7\u00e3o de imagens. Pouca gente sabe, mas atrav\u00e9s do aplicativo \u00e9 poss\u00edvel executar remotamente diversas fun\u00e7\u00f5es presentes nos sistema, como visualizar conte\u00fado gravado, receber alertas e at\u00e9 mandar mensagens diretamente a nossa central de monitoramento remoto.<\/p>\n<p>Al\u00e9m disso recursos integrados do APP permitem voc\u00ea gerenciar seu sistema de alarme e c\u00e2meras em um mesmo software. Trazendo confian\u00e7a e comodidade para a sua opera\u00e7\u00e3o.<\/p>\n<\/div><\/div>\n<div id=\"su_slider_69dbabc164e2e\" class=\"su-slider su-slider-centered su-slider-pages-yes su-slider-responsive-no su-lightbox-gallery\" style=\"width:800px;height:380px\" data-autoplay=\"3000\" data-speed=\"600\" data-mousewheel=\"false\"><div class=\"su-slider-slides\"><div class=\"su-slider-slide\"><a href=\"https:\/\/eletrobauer.com.br\/segurancaeletronica\/wp-content\/uploads\/2018\/08\/ban_cam_monitoramento3.jpg\"  title=\"\" data-rel=\"lightbox-image-4\" data-rl_title=\"\" data-rl_caption=\"\"><img decoding=\"async\" src=\"https:\/\/eletrobauer.com.br\/segurancaeletronica\/wp-content\/uploads\/2018\/08\/ban_cam_monitoramento3-800x380.jpg\" alt=\"ban_cam_monitoramento3\" \/><\/a><\/div><div class=\"su-slider-slide\"><a href=\"https:\/\/eletrobauer.com.br\/segurancaeletronica\/wp-content\/uploads\/2018\/08\/ban_cam_monitoramento2.jpg\"  title=\"\" data-rel=\"lightbox-image-5\" data-rl_title=\"\" data-rl_caption=\"\"><img decoding=\"async\" src=\"https:\/\/eletrobauer.com.br\/segurancaeletronica\/wp-content\/uploads\/2018\/08\/ban_cam_monitoramento2-800x380.jpg\" alt=\"ban_cam_monitoramento2\" \/><\/a><\/div><div class=\"su-slider-slide\"><a href=\"https:\/\/eletrobauer.com.br\/segurancaeletronica\/wp-content\/uploads\/2018\/08\/ban_cam_monitoramento1.jpg\"  title=\"\" data-rel=\"lightbox-image-6\" data-rl_title=\"\" data-rl_caption=\"\"><img decoding=\"async\" src=\"https:\/\/eletrobauer.com.br\/segurancaeletronica\/wp-content\/uploads\/2018\/08\/ban_cam_monitoramento1-800x380.jpg\" alt=\"ban_cam_monitoramento1\" \/><\/a><\/div><\/div><div class=\"su-slider-nav\"><div class=\"su-slider-direction\"><span class=\"su-slider-prev\"><\/span><span class=\"su-slider-next\"><\/span><\/div><div class=\"su-slider-pagination\"><\/div><\/div><\/div>\n","protected":false},"excerpt":{"rendered":"<p>Vigil\u00e2ncia De Forma Simplificada! Mantenha seu lar ou seu neg\u00f3cio seguro com uma solu\u00e7\u00e3o de vigil\u00e2ncia por c\u00e2meras. Com as solu\u00e7\u00f5es da Eletrobauer, voc\u00ea pode monitorar todas as suas instala\u00e7\u00f5es localmente, e melhor de forma remota atrav\u00e9s de computador, celular&hellip;&nbsp;<a href=\"https:\/\/eletrobauer.com.br\/segurancaeletronica\/cameras-de-monitoramento\/\" class=\"more-link\">Saiba Mais<\/a><\/p>\n","protected":false},"author":1,"featured_media":0,"parent":0,"menu_order":0,"comment_status":"closed","ping_status":"closed","template":"","meta":{"footnotes":"","_links_to":"","_links_to_target":""},"class_list":["post-276","page","type-page","status-publish","hentry"],"_links":{"self":[{"href":"https:\/\/eletrobauer.com.br\/segurancaeletronica\/wp-json\/wp\/v2\/pages\/276","targetHints":{"allow":["GET"]}}],"collection":[{"href":"https:\/\/eletrobauer.com.br\/segurancaeletronica\/wp-json\/wp\/v2\/pages"}],"about":[{"href":"https:\/\/eletrobauer.com.br\/segurancaeletronica\/wp-json\/wp\/v2\/types\/page"}],"author":[{"embeddable":true,"href":"https:\/\/eletrobauer.com.br\/segurancaeletronica\/wp-json\/wp\/v2\/users\/1"}],"replies":[{"embeddable":true,"href":"https:\/\/eletrobauer.com.br\/segurancaeletronica\/wp-json\/wp\/v2\/comments?post=276"}],"version-history":[{"count":13,"href":"https:\/\/eletrobauer.com.br\/segurancaeletronica\/wp-json\/wp\/v2\/pages\/276\/revisions"}],"predecessor-version":[{"id":761,"href":"https:\/\/eletrobauer.com.br\/segurancaeletronica\/wp-json\/wp\/v2\/pages\/276\/revisions\/761"}],"wp:attachment":[{"href":"https:\/\/eletrobauer.com.br\/segurancaeletronica\/wp-json\/wp\/v2\/media?parent=276"}],"curies":[{"name":"wp","href":"https:\/\/api.w.org\/{rel}","templated":true}]}}