{"id":279,"date":"2018-07-30T13:38:28","date_gmt":"2018-07-30T13:38:28","guid":{"rendered":"http:\/\/eletrobauer.com.br\/segurancaeletronica\/?page_id=279"},"modified":"2018-08-17T00:15:26","modified_gmt":"2018-08-17T00:15:26","slug":"portaria-remota","status":"publish","type":"page","link":"https:\/\/eletrobauer.com.br\/segurancaeletronica\/portaria-remota\/","title":{"rendered":"Portaria Remota"},"content":{"rendered":"<blockquote>\n<h2><strong>Menos Custos E Mais Seguran\u00e7a<\/strong><\/h2>\n<\/blockquote>\n<hr \/>\n<p><b>Clique no Player e assista nosso v\u00eddeo\u00a0sobre\u00a0Portaria Remota<\/b><\/p>\n<hr \/>\n<div style=\"width: 640px;\" class=\"wp-video\"><video class=\"wp-video-shortcode\" id=\"video-279-1\" width=\"640\" height=\"360\" preload=\"metadata\" controls=\"controls\"><source type=\"video\/mp4\" src=\"http:\/\/eletrobauer.com.br\/segurancaeletronica\/wp-content\/uploads\/2018\/08\/portaria_remota_01.mp4?_=1\" \/><a href=\"http:\/\/eletrobauer.com.br\/segurancaeletronica\/wp-content\/uploads\/2018\/08\/portaria_remota_01.mp4\">http:\/\/eletrobauer.com.br\/segurancaeletronica\/wp-content\/uploads\/2018\/08\/portaria_remota_01.mp4<\/a><\/video><\/div>\n<p>&nbsp;<\/p>\n<div class=\"su-note\"  style=\"border-color:#dadada;border-radius:3px;-moz-border-radius:3px;-webkit-border-radius:3px;\"><div class=\"su-note-inner su-u-clearfix su-u-trim\" style=\"background-color:#f4f4f4;border-color:#ffffff;color:#333333;border-radius:3px;-moz-border-radius:3px;-webkit-border-radius:3px;\">\n<p>A tecnologia de <strong>Portaria Remota<\/strong> oferece seguran\u00e7a, flexibilidade e redu\u00e7\u00e3o de custos administrativos dos condom\u00ednios.<br \/>\nA portaria Remota <strong>Eletrobauer<\/strong> \u00e9 um novo conceito de controle de acesso de pessoas e ve\u00edculos em condom\u00ednios residenciais e comerciais. Esse inovador servi\u00e7o, que j\u00e1 \u00e9 realidade em capitais como S\u00e3o Paulo, Belo Horizonte, Florian\u00f3polis, chega a Petr\u00f3polis, atrav\u00e9s da solidez e tradi\u00e7\u00e3o dos vinte e cinco anos do <strong>Grupo Eletrobauer<\/strong>.<\/p>\n<p>Com a Portaria Remota o controle de acesso \u00e9 realizado ininterruptamente por profissionais em nosso centro de controle, atrav\u00e9s das mais modernas tecnologias em automa\u00e7\u00e3o, comunica\u00e7\u00e3o VOIP e monitoramento de imagens. Nossos profissionais operam um software de gest\u00e3o que permite manter contato com usu\u00e1rios atrav\u00e9s de interfone e telefone, acionar port\u00f5es e sistemas de seguran\u00e7a, visualizar e gravar imagens, com o arquivamento de todas essas opera\u00e7\u00f5es fora do condom\u00ednio.<\/p>\n<p>Com o gerenciamento remoto a <strong>Eletrobauer<\/strong> proporciona muito mais seguran\u00e7a com economia de at\u00e9 60% com gastos de portaria, possibilitando para moradores, redu\u00e7\u00e3o nos custos de taxa condominial e para o s\u00edndico, economia de recursos para outros investimentos.<\/p>\n<\/div><\/div>\n<p><a href=\"http:\/\/eletrobauer.com.br\/segurancaeletronica\/wp-content\/uploads\/2018\/08\/Esquemativo-2.jpg\" data-rel=\"lightbox-image-0\" data-rl_title=\"\" data-rl_caption=\"\" title=\"\"><img loading=\"lazy\" decoding=\"async\" class=\"aligncenter size-full wp-image-547\" src=\"http:\/\/eletrobauer.com.br\/segurancaeletronica\/wp-content\/uploads\/2018\/08\/Esquemativo-2.jpg\" alt=\"Portaria Remota - Menos Custos e Mais Seguran\u00e7a\" width=\"1057\" height=\"755\" srcset=\"https:\/\/eletrobauer.com.br\/segurancaeletronica\/wp-content\/uploads\/2018\/08\/Esquemativo-2.jpg 1057w, https:\/\/eletrobauer.com.br\/segurancaeletronica\/wp-content\/uploads\/2018\/08\/Esquemativo-2-300x214.jpg 300w, https:\/\/eletrobauer.com.br\/segurancaeletronica\/wp-content\/uploads\/2018\/08\/Esquemativo-2-768x549.jpg 768w, https:\/\/eletrobauer.com.br\/segurancaeletronica\/wp-content\/uploads\/2018\/08\/Esquemativo-2-1024x731.jpg 1024w, https:\/\/eletrobauer.com.br\/segurancaeletronica\/wp-content\/uploads\/2018\/08\/Esquemativo-2-360x257.jpg 360w\" sizes=\"auto, (max-width: 1057px) 100vw, 1057px\" \/><\/a><\/p>\n<hr \/>\n<p><strong>Vantagens da Portaria Remota<\/strong><\/p>\n<hr \/>\n<div class=\"su-table su-table-alternate\">\n<table>\n<tbody>\n<tr>\n<td>Redu\u00e7\u00e3o de custos com a portaria de 40% a 60%.<\/td>\n<\/tr>\n<tr>\n<td>Projeto customizado de seguran\u00e7a para cada condom\u00ednio.<\/td>\n<\/tr>\n<tr>\n<td>Controle de acesso com informa\u00e7\u00f5es pessoais de cada morador.<\/td>\n<\/tr>\n<tr>\n<td>Elimina a contrata\u00e7\u00e3o de pessoal e por consequ\u00eancia, gastos e a\u00e7\u00f5es trabalhistas.<\/td>\n<\/tr>\n<tr>\n<td>Apoio t\u00e1tico operacional em caso de emerg\u00eancia.<\/td>\n<\/tr>\n<tr>\n<td>Utiliza\u00e7\u00e3o das mais modernas tecnologias de automa\u00e7\u00e3o e monitoramento de imagem.<\/td>\n<\/tr>\n<tr>\n<td>Funcion\u00e1rios do centro de controle s\u00e3o capacitados e operam sob ininterrupta supervis\u00e3o.<\/td>\n<\/tr>\n<tr>\n<td>Equipes em viaturas prontas para assumirem o posto de portaria, em casos de conting\u00eancias.<\/td>\n<\/tr>\n<tr>\n<td>Equipes de manuten\u00e7\u00e3o preventiva e corretiva.<\/td>\n<\/tr>\n<tr>\n<td>Registro e arquivamento de todos os acessos, por grava\u00e7\u00e3o de voz e imagem.<\/td>\n<\/tr>\n<\/tbody>\n<\/table>\n<\/div>\n<hr \/>\n<p><a href=\"http:\/\/eletrobauer.com.br\/segurancaeletronica\/contatos\/contato-comercial\/\"><span style=\"vertical-align: inherit;\"><span style=\"vertical-align: inherit;\">Clique aqui e solicite um or\u00e7amento personalizado para o seu condom\u00ednio ou empresa!<\/span><\/span><\/a><\/p>\n<hr \/>\n","protected":false},"excerpt":{"rendered":"<p>Menos Custos E Mais Seguran\u00e7a Clique no Player e assista nosso v\u00eddeo\u00a0sobre\u00a0Portaria Remota &nbsp; Vantagens da Portaria Remota Clique aqui e solicite um or\u00e7amento personalizado para o seu condom\u00ednio ou empresa!<\/p>\n","protected":false},"author":1,"featured_media":0,"parent":0,"menu_order":0,"comment_status":"closed","ping_status":"closed","template":"","meta":{"footnotes":"","_links_to":"","_links_to_target":""},"class_list":["post-279","page","type-page","status-publish","hentry"],"_links":{"self":[{"href":"https:\/\/eletrobauer.com.br\/segurancaeletronica\/wp-json\/wp\/v2\/pages\/279","targetHints":{"allow":["GET"]}}],"collection":[{"href":"https:\/\/eletrobauer.com.br\/segurancaeletronica\/wp-json\/wp\/v2\/pages"}],"about":[{"href":"https:\/\/eletrobauer.com.br\/segurancaeletronica\/wp-json\/wp\/v2\/types\/page"}],"author":[{"embeddable":true,"href":"https:\/\/eletrobauer.com.br\/segurancaeletronica\/wp-json\/wp\/v2\/users\/1"}],"replies":[{"embeddable":true,"href":"https:\/\/eletrobauer.com.br\/segurancaeletronica\/wp-json\/wp\/v2\/comments?post=279"}],"version-history":[{"count":30,"href":"https:\/\/eletrobauer.com.br\/segurancaeletronica\/wp-json\/wp\/v2\/pages\/279\/revisions"}],"predecessor-version":[{"id":783,"href":"https:\/\/eletrobauer.com.br\/segurancaeletronica\/wp-json\/wp\/v2\/pages\/279\/revisions\/783"}],"wp:attachment":[{"href":"https:\/\/eletrobauer.com.br\/segurancaeletronica\/wp-json\/wp\/v2\/media?parent=279"}],"curies":[{"name":"wp","href":"https:\/\/api.w.org\/{rel}","templated":true}]}}