{"id":282,"date":"2018-07-30T13:38:56","date_gmt":"2018-07-30T13:38:56","guid":{"rendered":"http:\/\/eletrobauer.com.br\/segurancaeletronica\/?page_id=282"},"modified":"2018-08-17T00:17:27","modified_gmt":"2018-08-17T00:17:27","slug":"seguranca-solidaria","status":"publish","type":"page","link":"https:\/\/eletrobauer.com.br\/segurancaeletronica\/seguranca-solidaria\/","title":{"rendered":"Seguran\u00e7a Solid\u00e1ria"},"content":{"rendered":"<blockquote>\n<h3><strong>Seguran\u00e7a Solid\u00e1ria Eletrobauer<\/strong><\/h3>\n<\/blockquote>\n<p>&nbsp;<\/p>\n<hr \/>\n<p><b>Clique no Player e assista nosso v\u00eddeo\u00a0sobre\u00a0Vigil\u00e2ncia Solid\u00e1ria Remota<\/b><\/p>\n<hr \/>\n<div style=\"width: 640px;\" class=\"wp-video\"><video class=\"wp-video-shortcode\" id=\"video-282-1\" width=\"640\" height=\"360\" autoplay preload=\"auto\" controls=\"controls\"><source type=\"video\/mp4\" src=\"http:\/\/eletrobauer.com.br\/segurancaeletronica\/wp-content\/uploads\/2018\/08\/video_vigilancia_solidaria.mp4?_=1\" \/><a href=\"http:\/\/eletrobauer.com.br\/segurancaeletronica\/wp-content\/uploads\/2018\/08\/video_vigilancia_solidaria.mp4\">http:\/\/eletrobauer.com.br\/segurancaeletronica\/wp-content\/uploads\/2018\/08\/video_vigilancia_solidaria.mp4<\/a><\/video><\/div>\n<hr \/>\n<p>Esse projeto de forma inovadora e solid\u00e1ria, tem como objetivo unir a sociedade em prol da Seguran\u00e7a.<br \/>\nDessa forma buscamos conscientizar, moradores, empres\u00e1rios, entidades, sindicatos e funda\u00e7\u00f5es que a solidariedade entre ambos aliados a tecnologia podem ser usadas como uma \u201c ferramenta de policiamento\u201d preventivo.<br \/>\nO projeto consiste em planos de acesso \u00e0s c\u00e2meras instaladas no seu bairro, com imagens de alta resolu\u00e7\u00e3o, onde as autoridades , comerciantes e moradores participantes t\u00eam o acesso 24 horas por dia \u00e0s imagens ao vivo e tamb\u00e9m \u00e0s grava\u00e7\u00f5es por meio do PC, tablet e\/ou aplicativo para celular.<\/p>\n<p>O funcionamento depende da integra\u00e7\u00e3o e comunica\u00e7\u00e3o dos moradores. Quando algu\u00e9m percebe uma movimenta\u00e7\u00e3o estranha ou algo incomum nas ruas, resid\u00eancias, condom\u00ednios e com\u00e9rcios da regi\u00e3o, ser\u00e1 poss\u00edvel notificar seus vizinhos, solicitar ajuda e notificar as autoridades locais participantes do projeto.<\/p>\n<hr \/>\n<blockquote>\n<h3><strong>Monitoramento inteligente para cidades Inteligentes.<\/strong><\/h3>\n<\/blockquote>\n<p>A solu\u00e7\u00e3o em Nuvem da <strong>Eletrobauer<\/strong> permite acompanhar as imagens em tempo real, consultar grava\u00e7\u00f5es e trocar mensagens com todos os usu\u00e1rios conectados aos sistema em casos suspeitos. Cidade segura \u00e9 cidade unida!<\/p>\n<p><a href=\"http:\/\/eletrobauer.com.br\/segurancaeletronica\/wp-content\/uploads\/2018\/08\/seguranca_solidaria01.jpg\" data-rel=\"lightbox-image-0\" data-rl_title=\"\" data-rl_caption=\"\" title=\"\"><img loading=\"lazy\" decoding=\"async\" class=\"aligncenter wp-image-590 size-full\" src=\"http:\/\/eletrobauer.com.br\/segurancaeletronica\/wp-content\/uploads\/2018\/08\/seguranca_solidaria01.jpg\" alt=\"Seguran\u00e7a solid\u00e1ria\" width=\"960\" height=\"514\" srcset=\"https:\/\/eletrobauer.com.br\/segurancaeletronica\/wp-content\/uploads\/2018\/08\/seguranca_solidaria01.jpg 960w, https:\/\/eletrobauer.com.br\/segurancaeletronica\/wp-content\/uploads\/2018\/08\/seguranca_solidaria01-300x161.jpg 300w, https:\/\/eletrobauer.com.br\/segurancaeletronica\/wp-content\/uploads\/2018\/08\/seguranca_solidaria01-768x411.jpg 768w, https:\/\/eletrobauer.com.br\/segurancaeletronica\/wp-content\/uploads\/2018\/08\/seguranca_solidaria01-360x193.jpg 360w\" sizes=\"auto, (max-width: 960px) 100vw, 960px\" \/><\/a><\/p>\n<hr \/>\n<h3><strong>Principais vantagens:<\/strong><\/h3>\n<div class=\"su-table su-table-alternate\">\n<table>\n<tbody>\n<tr>\n<td>Solu\u00e7\u00e3o totalmente na nuvem, sem necessidade de uso de hardware local;<\/td>\n<\/tr>\n<tr>\n<td>\u00a0Sistema suporta opera\u00e7\u00e3o continua com alta disponibilidade de opera\u00e7\u00e3o;<\/td>\n<\/tr>\n<tr>\n<td>Interface intuitiva e visualiza\u00e7\u00e3o por mapa;<\/td>\n<\/tr>\n<tr>\n<td>Integra\u00e7\u00e3o com dispositivos (C\u00e2meras e DVR);<\/td>\n<\/tr>\n<tr>\n<td>Suporte e manuten\u00e7\u00e3o continua;<\/td>\n<\/tr>\n<tr>\n<td>Centro de controle pr\u00f3prio com opera\u00e7\u00e3o 24&#215;7 para agilidade e auxilio na tomada de decis\u00e3o, bem como equipes de apoio 24h por dia.<\/td>\n<\/tr>\n<\/tbody>\n<\/table>\n<\/div>\n<hr \/>\n<p><a href=\"http:\/\/eletrobauer.com.br\/segurancaeletronica\/contatos\/contato-comercial\/\">Clique aqui entre em contato com a Eletrobauer e solicite um or\u00e7amento<\/a>!<\/p>\n<hr \/>\n","protected":false},"excerpt":{"rendered":"<p>Seguran\u00e7a Solid\u00e1ria Eletrobauer &nbsp; Clique no Player e assista nosso v\u00eddeo\u00a0sobre\u00a0Vigil\u00e2ncia Solid\u00e1ria Remota Esse projeto de forma inovadora e solid\u00e1ria, tem como objetivo unir a sociedade em prol da Seguran\u00e7a. Dessa forma buscamos conscientizar, moradores, empres\u00e1rios, entidades, sindicatos e funda\u00e7\u00f5es&hellip;&nbsp;<a href=\"https:\/\/eletrobauer.com.br\/segurancaeletronica\/seguranca-solidaria\/\" class=\"more-link\">Saiba Mais<\/a><\/p>\n","protected":false},"author":1,"featured_media":0,"parent":0,"menu_order":0,"comment_status":"closed","ping_status":"closed","template":"","meta":{"footnotes":"","_links_to":"","_links_to_target":""},"class_list":["post-282","page","type-page","status-publish","hentry"],"_links":{"self":[{"href":"https:\/\/eletrobauer.com.br\/segurancaeletronica\/wp-json\/wp\/v2\/pages\/282","targetHints":{"allow":["GET"]}}],"collection":[{"href":"https:\/\/eletrobauer.com.br\/segurancaeletronica\/wp-json\/wp\/v2\/pages"}],"about":[{"href":"https:\/\/eletrobauer.com.br\/segurancaeletronica\/wp-json\/wp\/v2\/types\/page"}],"author":[{"embeddable":true,"href":"https:\/\/eletrobauer.com.br\/segurancaeletronica\/wp-json\/wp\/v2\/users\/1"}],"replies":[{"embeddable":true,"href":"https:\/\/eletrobauer.com.br\/segurancaeletronica\/wp-json\/wp\/v2\/comments?post=282"}],"version-history":[{"count":50,"href":"https:\/\/eletrobauer.com.br\/segurancaeletronica\/wp-json\/wp\/v2\/pages\/282\/revisions"}],"predecessor-version":[{"id":785,"href":"https:\/\/eletrobauer.com.br\/segurancaeletronica\/wp-json\/wp\/v2\/pages\/282\/revisions\/785"}],"wp:attachment":[{"href":"https:\/\/eletrobauer.com.br\/segurancaeletronica\/wp-json\/wp\/v2\/media?parent=282"}],"curies":[{"name":"wp","href":"https:\/\/api.w.org\/{rel}","templated":true}]}}