{"id":285,"date":"2018-07-30T13:39:30","date_gmt":"2018-07-30T13:39:30","guid":{"rendered":"http:\/\/eletrobauer.com.br\/segurancaeletronica\/?page_id=285"},"modified":"2018-08-31T20:25:04","modified_gmt":"2018-08-31T20:25:04","slug":"rastreamento-veicular","status":"publish","type":"page","link":"https:\/\/eletrobauer.com.br\/segurancaeletronica\/rastreamento-veicular\/","title":{"rendered":"Rastreamento Veicular"},"content":{"rendered":"<blockquote>\n<h3>Rastreamento e Gest\u00e3o de Frota<\/h3>\n<\/blockquote>\n<hr \/>\n<p><a href=\"http:\/\/eletrobauer.com.br\/segurancaeletronica\/wp-content\/uploads\/2018\/08\/veicular01.jpg\" data-rel=\"lightbox-image-0\" data-rl_title=\"\" data-rl_caption=\"\" title=\"\">A <strong>Eletrobauer<\/strong> em parceria com a <strong>Locktec<\/strong> uma das maiores empresas de seguran\u00e7a eletr\u00f4nica do Brasil, traz para nossa regi\u00e3o um dos mais modernos sistemas de rastreamento e controle de frotas.<\/a><\/p>\n<hr \/>\n<p><strong>Como Funciona?<\/strong><\/p>\n<ul>\n<li>Instalamos em seu ve\u00edculo um dispositivo de rastreamento, equipado com alta tecnologia, utilizando como transmiss\u00e3o sistema de GPRS, que informa a real localiza\u00e7\u00e3o do ve\u00edculo.<\/li>\n<li>Nossos sistemas de gerenciamento permitem total controle do seu ve\u00edculo, o que se traduz em seguran\u00e7a e comodidade.<\/li>\n<li>Al\u00e9m do monitoramento por nossa central que opera 24h por dia, voc\u00ea pode ter acesso ao sistema por meio de aplicativo de celular ou acesso via internet podendo dessa forma verificar a localiza\u00e7\u00e3o do ve\u00edculo e realizar o bloqueio, ou se preferir ligar para nossa central para realizar estas a\u00e7\u00f5es.<\/li>\n<\/ul>\n<p>&nbsp;<\/p>\n<blockquote>\n<h3><strong>Solu\u00e7\u00e3o para gerenciamento da frota da sua empresa.<\/strong><\/h3>\n<\/blockquote>\n<div class=\"su-note\"  style=\"border-color:#dddddd;border-radius:3px;-moz-border-radius:3px;-webkit-border-radius:3px;\"><div class=\"su-note-inner su-u-clearfix su-u-trim\" style=\"background-color:#F7F7F7;border-color:#ffffff;color:#333333;border-radius:3px;-moz-border-radius:3px;-webkit-border-radius:3px;\">\n<p>O monitoramento de frota ajuda empresas de qualquer porte a gerenciar a equipe que est\u00e1 nas ruas ou estradas.<br \/>\nEm cada canto do pa\u00eds, o rastreamento fornece informa\u00e7\u00f5es estrat\u00e9gicas n\u00e3o apenas sobre a rota, mas tamb\u00e9m demonstra, por meio de relat\u00f3rios, gastos com combust\u00edvel, uso dos ve\u00edculos dentro e fora do hor\u00e1rio comercial. E muito mais.<br \/>\nSua frota \u00e9 formada por caminh\u00f5es, \u00f4nibus, utilit\u00e1rios ou motos? Com o monitoramento de frota da <strong>Eletrobauer<\/strong>, cada perfil de neg\u00f3cio consegue se beneficiar dos produtos e servi\u00e7os que oferecemos, como produtividade, customiza\u00e7\u00e3o da rota, agilidade no atendimento dos seus clientes, redu\u00e7\u00e3o de custos, diminui\u00e7\u00e3o de desgastes do ve\u00edculo, redu\u00e7\u00e3o de acidentes e gerenciamento da manuten\u00e7\u00e3o preventiva.<\/p>\n<\/div><\/div>\n<div id=\"su_slider_69e365124ba91\" class=\"su-slider su-slider-centered su-slider-pages-yes su-slider-responsive-no su-lightbox-gallery\" style=\"width:800px;height:380px\" data-autoplay=\"3000\" data-speed=\"600\" data-mousewheel=\"false\"><div class=\"su-slider-slides\"><div class=\"su-slider-slide\"><a href=\"https:\/\/eletrobauer.com.br\/segurancaeletronica\/wp-content\/uploads\/2018\/08\/veicular00.jpg\"  title=\"\" data-rel=\"lightbox-image-1\" data-rl_title=\"\" data-rl_caption=\"\"><img decoding=\"async\" src=\"https:\/\/eletrobauer.com.br\/segurancaeletronica\/wp-content\/uploads\/2018\/08\/veicular00-800x380.jpg\" alt=\"veicular00\" \/><\/a><\/div><div class=\"su-slider-slide\"><a href=\"https:\/\/eletrobauer.com.br\/segurancaeletronica\/wp-content\/uploads\/2018\/08\/veicular03.jpg\"  title=\"\" data-rel=\"lightbox-image-2\" data-rl_title=\"\" data-rl_caption=\"\"><img decoding=\"async\" src=\"https:\/\/eletrobauer.com.br\/segurancaeletronica\/wp-content\/uploads\/2018\/08\/veicular03-800x380.jpg\" alt=\"Rastreamento Veicular\" \/><\/a><\/div><div class=\"su-slider-slide\"><a href=\"https:\/\/eletrobauer.com.br\/segurancaeletronica\/wp-content\/uploads\/2018\/08\/veicular02.jpg\"  title=\"\" data-rel=\"lightbox-image-3\" data-rl_title=\"\" data-rl_caption=\"\"><img decoding=\"async\" src=\"https:\/\/eletrobauer.com.br\/segurancaeletronica\/wp-content\/uploads\/2018\/08\/veicular02-800x380.jpg\" alt=\"Rastreamento Veicular\" \/><\/a><\/div><div class=\"su-slider-slide\"><a href=\"https:\/\/eletrobauer.com.br\/segurancaeletronica\/wp-content\/uploads\/2018\/08\/veicular01.jpg\"  title=\"\" data-rel=\"lightbox-image-4\" data-rl_title=\"\" data-rl_caption=\"\"><img decoding=\"async\" src=\"https:\/\/eletrobauer.com.br\/segurancaeletronica\/wp-content\/uploads\/2018\/08\/veicular01-800x380.jpg\" alt=\"Rastreamento Veicular\" \/><\/a><\/div><\/div><div class=\"su-slider-nav\"><div class=\"su-slider-direction\"><span class=\"su-slider-prev\"><\/span><span class=\"su-slider-next\"><\/span><\/div><div class=\"su-slider-pagination\"><\/div><\/div><\/div>\n","protected":false},"excerpt":{"rendered":"<p>Rastreamento e Gest\u00e3o de Frota A Eletrobauer em parceria com a Locktec uma das maiores empresas de seguran\u00e7a eletr\u00f4nica do Brasil, traz para nossa regi\u00e3o um dos mais modernos sistemas de rastreamento e controle de frotas. Como Funciona? Instalamos em&hellip;&nbsp;<a href=\"https:\/\/eletrobauer.com.br\/segurancaeletronica\/rastreamento-veicular\/\" class=\"more-link\">Saiba Mais<\/a><\/p>\n","protected":false},"author":1,"featured_media":0,"parent":0,"menu_order":0,"comment_status":"closed","ping_status":"closed","template":"","meta":{"footnotes":"","_links_to":"","_links_to_target":""},"class_list":["post-285","page","type-page","status-publish","hentry"],"_links":{"self":[{"href":"https:\/\/eletrobauer.com.br\/segurancaeletronica\/wp-json\/wp\/v2\/pages\/285","targetHints":{"allow":["GET"]}}],"collection":[{"href":"https:\/\/eletrobauer.com.br\/segurancaeletronica\/wp-json\/wp\/v2\/pages"}],"about":[{"href":"https:\/\/eletrobauer.com.br\/segurancaeletronica\/wp-json\/wp\/v2\/types\/page"}],"author":[{"embeddable":true,"href":"https:\/\/eletrobauer.com.br\/segurancaeletronica\/wp-json\/wp\/v2\/users\/1"}],"replies":[{"embeddable":true,"href":"https:\/\/eletrobauer.com.br\/segurancaeletronica\/wp-json\/wp\/v2\/comments?post=285"}],"version-history":[{"count":22,"href":"https:\/\/eletrobauer.com.br\/segurancaeletronica\/wp-json\/wp\/v2\/pages\/285\/revisions"}],"predecessor-version":[{"id":787,"href":"https:\/\/eletrobauer.com.br\/segurancaeletronica\/wp-json\/wp\/v2\/pages\/285\/revisions\/787"}],"wp:attachment":[{"href":"https:\/\/eletrobauer.com.br\/segurancaeletronica\/wp-json\/wp\/v2\/media?parent=285"}],"curies":[{"name":"wp","href":"https:\/\/api.w.org\/{rel}","templated":true}]}}