{"id":291,"date":"2018-07-30T13:40:45","date_gmt":"2018-07-30T13:40:45","guid":{"rendered":"http:\/\/eletrobauer.com.br\/segurancaeletronica\/?page_id=291"},"modified":"2018-08-14T13:25:41","modified_gmt":"2018-08-14T13:25:41","slug":"manutencao-e-suporte-continuado","status":"publish","type":"page","link":"https:\/\/eletrobauer.com.br\/segurancaeletronica\/manutencao-e-suporte-continuado\/","title":{"rendered":"Manuten\u00e7\u00e3o e Suporte Continuado"},"content":{"rendered":"<blockquote>\n<h3>Manuten\u00e7\u00e3o e Suporte Continuado<\/h3>\n<\/blockquote>\n<hr \/>\n<p><a href=\"http:\/\/eletrobauer.com.br\/segurancaeletronica\/wp-content\/uploads\/2018\/08\/manutencao_preventiva.jpg\" data-rel=\"lightbox-image-0\" data-rl_title=\"\" data-rl_caption=\"\" title=\"\">Com mais de 25 anos de mercado, o <\/a><a href=\"http:\/\/eletrobauer.com.br\/segurancaeletronica\/sobre-a-eletrobauer\/\"><strong>Grupo Eletrobauer<\/strong><\/a><a href=\"http:\/\/eletrobauer.com.br\/segurancaeletronica\/wp-content\/uploads\/2018\/08\/manutencao_preventiva.jpg\" data-rel=\"lightbox-image-1\" data-rl_title=\"\" data-rl_caption=\"\" title=\"\"> oferece ao mercado o mais completo servi\u00e7o de manuten\u00e7\u00e3o e suporte continuado.<\/a><\/p>\n<hr \/>\n<p><a href=\"http:\/\/eletrobauer.com.br\/segurancaeletronica\/wp-content\/uploads\/2018\/08\/manutencao_preventiva.jpg\" data-rel=\"lightbox-image-2\" data-rl_title=\"\" data-rl_caption=\"\" title=\"\"><img loading=\"lazy\" decoding=\"async\" class=\"aligncenter size-full wp-image-667\" src=\"http:\/\/eletrobauer.com.br\/segurancaeletronica\/wp-content\/uploads\/2018\/08\/manutencao_preventiva.jpg\" alt=\"Manuten\u00e7\u00e3o e Suporte Continuado\" width=\"960\" height=\"240\" srcset=\"https:\/\/eletrobauer.com.br\/segurancaeletronica\/wp-content\/uploads\/2018\/08\/manutencao_preventiva.jpg 960w, https:\/\/eletrobauer.com.br\/segurancaeletronica\/wp-content\/uploads\/2018\/08\/manutencao_preventiva-300x75.jpg 300w, https:\/\/eletrobauer.com.br\/segurancaeletronica\/wp-content\/uploads\/2018\/08\/manutencao_preventiva-768x192.jpg 768w, https:\/\/eletrobauer.com.br\/segurancaeletronica\/wp-content\/uploads\/2018\/08\/manutencao_preventiva-360x90.jpg 360w\" sizes=\"auto, (max-width: 960px) 100vw, 960px\" \/><\/a><\/p>\n<p>Com contratos customizados que contemplam manuten\u00e7\u00e3o preventiva e corretiva de alarme e c\u00e2meras, e servi\u00e7os de automa\u00e7\u00e3o predial. Desde a infraestrutura, cabeamentos, sensores, c\u00e2meras e demais equipamentos que comp\u00f5e sua plataforma de seguran\u00e7a.<\/p>\n<p>A manuten\u00e7\u00e3o corretiva \u00e9 realizada quando o equipamento apresenta um problema que impossibilita o seu perfeito funcionamento. Para situa\u00e7\u00f5es como essa dispomos de equipes de profissionais capacitados para operarem na recupera\u00e7\u00e3o efetiva dos seus sistemas proporcionando seguran\u00e7a e comodidade na sua opera\u00e7\u00e3o.<br \/>\nAl\u00e9m da disso dispomos de um programa de manuten\u00e7\u00e3o preventiva que atua de forma programada para analisar, prevenir e neutralizar qual quer problema t\u00e9cnico que possa acarretar na parada do seu sistema. A atua\u00e7\u00e3o de forma preventiva possibilita o menor numero de falhas operacionais, possibilitando uma maior disponibilidade sist\u00eamica.<br \/>\nFique tranquilo para focar em seu neg\u00f3cio, que nos preocupamos com a opera\u00e7\u00e3o dos seus sistemas de seguran\u00e7a eletr\u00f4nica.<br \/>\nO Nosso contrato de manuten\u00e7\u00e3o \u00e9 o mais completo, onde o cliente sempre permanece com o seu sistema em pleno funcionamento.<\/p>\n<p>&nbsp;<\/p>\n<blockquote>\n<h3>Contratos residenciais, comerciais, para sua ind\u00fastria ou condom\u00ednio.<\/h3>\n<\/blockquote>\n","protected":false},"excerpt":{"rendered":"<p>Manuten\u00e7\u00e3o e Suporte Continuado Com mais de 25 anos de mercado, o Grupo Eletrobauer oferece ao mercado o mais completo servi\u00e7o de manuten\u00e7\u00e3o e suporte continuado. Com contratos customizados que contemplam manuten\u00e7\u00e3o preventiva e corretiva de alarme e c\u00e2meras, e&hellip;&nbsp;<a href=\"https:\/\/eletrobauer.com.br\/segurancaeletronica\/manutencao-e-suporte-continuado\/\" class=\"more-link\">Saiba Mais<\/a><\/p>\n","protected":false},"author":1,"featured_media":0,"parent":0,"menu_order":0,"comment_status":"closed","ping_status":"closed","template":"","meta":{"footnotes":"","_links_to":"","_links_to_target":""},"class_list":["post-291","page","type-page","status-publish","hentry"],"_links":{"self":[{"href":"https:\/\/eletrobauer.com.br\/segurancaeletronica\/wp-json\/wp\/v2\/pages\/291","targetHints":{"allow":["GET"]}}],"collection":[{"href":"https:\/\/eletrobauer.com.br\/segurancaeletronica\/wp-json\/wp\/v2\/pages"}],"about":[{"href":"https:\/\/eletrobauer.com.br\/segurancaeletronica\/wp-json\/wp\/v2\/types\/page"}],"author":[{"embeddable":true,"href":"https:\/\/eletrobauer.com.br\/segurancaeletronica\/wp-json\/wp\/v2\/users\/1"}],"replies":[{"embeddable":true,"href":"https:\/\/eletrobauer.com.br\/segurancaeletronica\/wp-json\/wp\/v2\/comments?post=291"}],"version-history":[{"count":6,"href":"https:\/\/eletrobauer.com.br\/segurancaeletronica\/wp-json\/wp\/v2\/pages\/291\/revisions"}],"predecessor-version":[{"id":690,"href":"https:\/\/eletrobauer.com.br\/segurancaeletronica\/wp-json\/wp\/v2\/pages\/291\/revisions\/690"}],"wp:attachment":[{"href":"https:\/\/eletrobauer.com.br\/segurancaeletronica\/wp-json\/wp\/v2\/media?parent=291"}],"curies":[{"name":"wp","href":"https:\/\/api.w.org\/{rel}","templated":true}]}}