{"id":294,"date":"2018-07-30T13:41:12","date_gmt":"2018-07-30T13:41:12","guid":{"rendered":"http:\/\/eletrobauer.com.br\/segurancaeletronica\/?page_id=294"},"modified":"2018-08-15T13:41:59","modified_gmt":"2018-08-15T13:41:59","slug":"terceirizacao-de-monitoramento-de-alarmes","status":"publish","type":"page","link":"https:\/\/eletrobauer.com.br\/segurancaeletronica\/terceirizacao-de-monitoramento-de-alarmes\/","title":{"rendered":"Terceiriza\u00e7\u00e3o de Monitoramento de Alarmes"},"content":{"rendered":"<blockquote>\n<h3><strong>Servi\u00e7os de terceiriza\u00e7\u00e3o de Alarmes e Monitoramento<\/strong><\/h3>\n<\/blockquote>\n<p>O <strong>Grupo Eletrobauer<\/strong> vem se destacando no mercado por oferecer a melhor infraestrutura e qualidade em monitoramento de alarme, imagens, portaria remota e rastreamento 24 horas, apresentando solu\u00e7\u00f5es personalizadas e inteligentes com diversos modelos de parceria. Certamente um deles ser\u00e1 adequado para voc\u00ea e sua empresa.<\/p>\n<h3><strong><a href=\"https:\/\/eletrobauer.com.br\/segurancaeletronica\/wp-content\/uploads\/2018\/08\/terceirizacao_monitoramento.jpg\" data-rel=\"lightbox-image-0\" data-rl_title=\"\" data-rl_caption=\"\"><img loading=\"lazy\" decoding=\"async\" class=\"aligncenter wp-image-758 size-full\" title=\"\" src=\"https:\/\/eletrobauer.com.br\/segurancaeletronica\/wp-content\/uploads\/2018\/08\/terceirizacao_monitoramento.jpg\" alt=\"Terceiriza\u00e7\u00e3o de Monitoramento de Alarmes\" width=\"960\" height=\"362\" srcset=\"https:\/\/eletrobauer.com.br\/segurancaeletronica\/wp-content\/uploads\/2018\/08\/terceirizacao_monitoramento.jpg 960w, https:\/\/eletrobauer.com.br\/segurancaeletronica\/wp-content\/uploads\/2018\/08\/terceirizacao_monitoramento-300x113.jpg 300w, https:\/\/eletrobauer.com.br\/segurancaeletronica\/wp-content\/uploads\/2018\/08\/terceirizacao_monitoramento-768x290.jpg 768w, https:\/\/eletrobauer.com.br\/segurancaeletronica\/wp-content\/uploads\/2018\/08\/terceirizacao_monitoramento-360x136.jpg 360w\" sizes=\"auto, (max-width: 960px) 100vw, 960px\" \/><\/a><\/strong><\/h3>\n<h3><strong>Como a terceiriza\u00e7\u00e3o de monitoramento de alarmes funciona?<\/strong><\/h3>\n<p>Quando uma empresa contrata essa terceiriza\u00e7\u00e3o ela tem a sua disposi\u00e7\u00e3o um centro de controle moderno e uma equipe preparada para suportar suas demandas de monitoramento.<br \/>\nDurante a opera\u00e7\u00e3o todas as informa\u00e7\u00f5es coletadas s\u00e3o tratadas e quando necess\u00e1rio despachadas para algu\u00e9m da empresa local, que desempenhar\u00e1 os servi\u00e7os de supervis\u00e3o e apoio local.<br \/>\nEntre as principais vantagens da terceiriza\u00e7\u00e3o de monitoramento de alarmes est\u00e1 a economia, al\u00e9m dos padr\u00f5es de qualidade e atendimento oferecidos pelo grupo eletrobauer.<br \/>\nOutra vantagem \u00e9 a possibilidade da empresa focar exclusivamente na vendas e no aumento da carteira de clientes. Dessa forma voc\u00ea potencializa o seu faturamento, reduzindo custos.<\/p>\n<hr \/>\n<h3><strong>A Eletrobauer oferece os servi\u00e7os de:<\/strong><\/h3>\n<div class=\"su-table su-table-alternate\">\n<table>\n<tbody>\n<tr>\n<td>Alarmes monitorados 24 horas por dia;<\/td>\n<\/tr>\n<tr>\n<td>Imagens monitoradas simultaneamente ao disparo de alarme, com atua\u00e7\u00e3o imediata;<\/td>\n<\/tr>\n<tr>\n<td>Grava\u00e7\u00e3o remota das imagens monitoradas;<\/td>\n<\/tr>\n<tr>\n<td>Monitoramento de alarme via GPRS e banda larga;<\/td>\n<\/tr>\n<tr>\n<td>Rondas t\u00e9cnicas supervisionadas e verifica\u00e7\u00e3o de disparo de alarme in loco;<\/td>\n<\/tr>\n<tr>\n<td>Relat\u00f3rio de todos os eventos do painel de alarme, tem tempo real via internet e celular;<\/td>\n<\/tr>\n<tr>\n<td>Grava\u00e7\u00e3o de conversa telef\u00f4nica entre o cliente e o operador da central de monitoramento;;<\/td>\n<\/tr>\n<tr>\n<td>Cadastro e atualiza\u00e7\u00e3o de dados on line;<\/td>\n<\/tr>\n<tr>\n<td>V\u00eddeo monitoramento de imagens parcial e integral;<\/td>\n<\/tr>\n<tr>\n<td>Monitoramento de corte de energia el\u00e9trica, presen\u00e7a de g\u00e1s, emerg\u00eancia m\u00e9dica, inc\u00eandio, temperatura, n\u00edvel de \u00e1gua, p\u00e2nico entre outros<\/td>\n<\/tr>\n<\/tbody>\n<\/table>\n<\/div>\n","protected":false},"excerpt":{"rendered":"<p>Servi\u00e7os de terceiriza\u00e7\u00e3o de Alarmes e Monitoramento O Grupo Eletrobauer vem se destacando no mercado por oferecer a melhor infraestrutura e qualidade em monitoramento de alarme, imagens, portaria remota e rastreamento 24 horas, apresentando solu\u00e7\u00f5es personalizadas e inteligentes com diversos&hellip;&nbsp;<a href=\"https:\/\/eletrobauer.com.br\/segurancaeletronica\/terceirizacao-de-monitoramento-de-alarmes\/\" class=\"more-link\">Saiba Mais<\/a><\/p>\n","protected":false},"author":1,"featured_media":0,"parent":0,"menu_order":0,"comment_status":"closed","ping_status":"closed","template":"","meta":{"footnotes":"","_links_to":"","_links_to_target":""},"class_list":["post-294","page","type-page","status-publish","hentry"],"_links":{"self":[{"href":"https:\/\/eletrobauer.com.br\/segurancaeletronica\/wp-json\/wp\/v2\/pages\/294","targetHints":{"allow":["GET"]}}],"collection":[{"href":"https:\/\/eletrobauer.com.br\/segurancaeletronica\/wp-json\/wp\/v2\/pages"}],"about":[{"href":"https:\/\/eletrobauer.com.br\/segurancaeletronica\/wp-json\/wp\/v2\/types\/page"}],"author":[{"embeddable":true,"href":"https:\/\/eletrobauer.com.br\/segurancaeletronica\/wp-json\/wp\/v2\/users\/1"}],"replies":[{"embeddable":true,"href":"https:\/\/eletrobauer.com.br\/segurancaeletronica\/wp-json\/wp\/v2\/comments?post=294"}],"version-history":[{"count":6,"href":"https:\/\/eletrobauer.com.br\/segurancaeletronica\/wp-json\/wp\/v2\/pages\/294\/revisions"}],"predecessor-version":[{"id":759,"href":"https:\/\/eletrobauer.com.br\/segurancaeletronica\/wp-json\/wp\/v2\/pages\/294\/revisions\/759"}],"wp:attachment":[{"href":"https:\/\/eletrobauer.com.br\/segurancaeletronica\/wp-json\/wp\/v2\/media?parent=294"}],"curies":[{"name":"wp","href":"https:\/\/api.w.org\/{rel}","templated":true}]}}