{"id":307,"date":"2018-07-30T13:51:39","date_gmt":"2018-07-30T13:51:39","guid":{"rendered":"http:\/\/eletrobauer.com.br\/segurancaeletronica\/?page_id=307"},"modified":"2023-09-04T17:13:56","modified_gmt":"2023-09-04T17:13:56","slug":"depoimento-de-clientes","status":"publish","type":"page","link":"https:\/\/eletrobauer.com.br\/segurancaeletronica\/depoimento-de-clientes\/","title":{"rendered":"Depoimento de Clientes"},"content":{"rendered":"<p>Fale conosco e receba depoimentos de alguns de nossos clientes j\u00e1 atendidos!<\/p>\n<a href=\"http:\/\/eletrobauer.com.br\/segurancaeletronica\/contatos\/contato-comercial\/\" class=\"su-button su-button-style-default\" style=\"color:#FFFFFF;background-color:#2D89EF;border-color:#246ec0;border-radius:5px\" target=\"_self\"><span style=\"color:#FFFFFF;padding:6px 16px;font-size:13px;line-height:20px;border-color:#6cadf4;border-radius:5px;text-shadow:none\"><i class=\"sui sui-paper-plane\" style=\"font-size:13px;color:#FFFFFF\"><\/i>  Or\u00e7amento<\/span><\/a> <a href=\"http:\/\/eletrobauer.com.br\/segurancaeletronica\/solucoes-em-seguranca\/\" class=\"su-button su-button-style-default\" style=\"color:#FFFFFF;background-color:#2D89EF;border-color:#246ec0;border-radius:5px\" target=\"_self\"><span style=\"color:#FFFFFF;padding:6px 16px;font-size:13px;line-height:20px;border-color:#6cadf4;border-radius:5px;text-shadow:none\"><i class=\"sui sui-get-pocket\" style=\"font-size:13px;color:#FFFFFF\"><\/i>  Solu\u00e7\u00f5es<\/span><\/a> <a href=\"http:\/\/eletrobauer.com.br\/segurancaeletronica\/sobre-a-eletrobauer\/\" class=\"su-button su-button-style-default\" style=\"color:#FFFFFF;background-color:#2D89EF;border-color:#246ec0;border-radius:5px\" target=\"_self\"><span style=\"color:#FFFFFF;padding:6px 16px;font-size:13px;line-height:20px;border-color:#6cadf4;border-radius:5px;text-shadow:none\"><i class=\"sui sui-address-book-o\" style=\"font-size:13px;color:#FFFFFF\"><\/i> Sobre N\u00f3s<\/span><\/a>\n<div id=\"su_slider_69dbc5ee0fc9d\" class=\"su-slider su-slider-centered su-slider-pages-no su-slider-responsive-no\" style=\"width:800px;height:380px\" data-autoplay=\"3000\" data-speed=\"600\" data-mousewheel=\"false\"><div class=\"su-slider-slides\"><div class=\"su-slider-slide\"><a><img decoding=\"async\" src=\"https:\/\/eletrobauer.com.br\/segurancaeletronica\/wp-content\/uploads\/2018\/07\/slider_eletrobauer02-800x380.jpg\" alt=\"Eletrobauer\" \/><\/a><\/div><div class=\"su-slider-slide\"><a><img decoding=\"async\" src=\"https:\/\/eletrobauer.com.br\/segurancaeletronica\/wp-content\/uploads\/2018\/07\/slider_eletrobauer04-800x380.jpg\" alt=\"Seguran\u00e7a Solid\u00e1ria\" \/><\/a><\/div><div class=\"su-slider-slide\"><a><img decoding=\"async\" src=\"https:\/\/eletrobauer.com.br\/segurancaeletronica\/wp-content\/uploads\/2018\/07\/slider_eletrobauer07-800x380.jpg\" alt=\"Seguran\u00e7a eletr\u00f4nica em Petr\u00f3polis\" \/><\/a><\/div><div class=\"su-slider-slide\"><a><img decoding=\"async\" src=\"https:\/\/eletrobauer.com.br\/segurancaeletronica\/wp-content\/uploads\/2018\/07\/slider_instalacao-800x380.jpg\" alt=\"Manuten\u00e7\u00e3o e Suporte Continuado\" \/><\/a><\/div><div class=\"su-slider-slide\"><a><img decoding=\"async\" src=\"https:\/\/eletrobauer.com.br\/segurancaeletronica\/wp-content\/uploads\/2018\/07\/slider_monitoramentos3-800x380.jpg\" alt=\"monitoramento 24 horas no RJ\" \/><\/a><\/div><div class=\"su-slider-slide\"><a><img decoding=\"async\" src=\"https:\/\/eletrobauer.com.br\/segurancaeletronica\/wp-content\/uploads\/2018\/07\/slider_terceirizacao-800x380.jpg\" alt=\"Terceiriza\u00e7\u00e3o de Monitoramento\" \/><\/a><\/div><\/div><div class=\"su-slider-nav\"><div class=\"su-slider-direction\"><span class=\"su-slider-prev\"><\/span><span class=\"su-slider-next\"><\/span><\/div><div class=\"su-slider-pagination\"><\/div><\/div><\/div>\n","protected":false},"excerpt":{"rendered":"<p>Fale conosco e receba depoimentos de alguns de nossos clientes j\u00e1 atendidos!<\/p>\n","protected":false},"author":1,"featured_media":0,"parent":0,"menu_order":0,"comment_status":"closed","ping_status":"closed","template":"","meta":{"footnotes":"","_links_to":"","_links_to_target":""},"class_list":["post-307","page","type-page","status-publish","hentry"],"_links":{"self":[{"href":"https:\/\/eletrobauer.com.br\/segurancaeletronica\/wp-json\/wp\/v2\/pages\/307","targetHints":{"allow":["GET"]}}],"collection":[{"href":"https:\/\/eletrobauer.com.br\/segurancaeletronica\/wp-json\/wp\/v2\/pages"}],"about":[{"href":"https:\/\/eletrobauer.com.br\/segurancaeletronica\/wp-json\/wp\/v2\/types\/page"}],"author":[{"embeddable":true,"href":"https:\/\/eletrobauer.com.br\/segurancaeletronica\/wp-json\/wp\/v2\/users\/1"}],"replies":[{"embeddable":true,"href":"https:\/\/eletrobauer.com.br\/segurancaeletronica\/wp-json\/wp\/v2\/comments?post=307"}],"version-history":[{"count":5,"href":"https:\/\/eletrobauer.com.br\/segurancaeletronica\/wp-json\/wp\/v2\/pages\/307\/revisions"}],"predecessor-version":[{"id":964,"href":"https:\/\/eletrobauer.com.br\/segurancaeletronica\/wp-json\/wp\/v2\/pages\/307\/revisions\/964"}],"wp:attachment":[{"href":"https:\/\/eletrobauer.com.br\/segurancaeletronica\/wp-json\/wp\/v2\/media?parent=307"}],"curies":[{"name":"wp","href":"https:\/\/api.w.org\/{rel}","templated":true}]}}