{"id":310,"date":"2018-07-30T13:52:23","date_gmt":"2018-07-30T13:52:23","guid":{"rendered":"http:\/\/eletrobauer.com.br\/segurancaeletronica\/?page_id=310"},"modified":"2018-08-08T14:40:45","modified_gmt":"2018-08-08T14:40:45","slug":"dicas-de-seguranca","status":"publish","type":"page","link":"https:\/\/eletrobauer.com.br\/segurancaeletronica\/dicas-de-seguranca\/","title":{"rendered":"Dicas de Seguran\u00e7a"},"content":{"rendered":"<p>Alem de fornecer sistemas de seguran\u00e7a eletr\u00f4nica inteligente, a\u00a0<strong>Eletrobauer\u00a0<\/strong>listou pequenas dicas e cuidados di\u00e1rios, que podem contribuir para manter sua fam\u00edlia e sua empresa mais seguros!<\/p>\n<hr \/>\n<h3><strong>Dicas de seguran\u00e7a Eletrobauer:<\/strong><\/h3>\n<hr \/>\n<div class=\"su-spoiler su-spoiler-style-fancy su-spoiler-icon-chevron-circle su-spoiler-closed\" data-scroll-offset=\"0\" data-anchor-in-url=\"no\"><div class=\"su-spoiler-title\" tabindex=\"0\" role=\"button\"><span class=\"su-spoiler-icon\"><\/span>Escolha bem quem acessa o seu sistema de alarme:<\/div><div class=\"su-spoiler-content su-u-clearfix su-u-trim\">\n<p>Na empresa ou na residencia, o dispositivo de alarmes \u00e9 um dos pilares mais importantes em sua seguran\u00e7a.<br \/>\nPortanto, seja criterioso e seletivo ao escolher quem ter\u00e1 o acesso a seu dispositivo de alarmes: escolha apenas pessoas de sua total confian\u00e7a e previamente autorizadas por voc\u00ea.<\/p>\n<\/div><\/div>\n<div class=\"su-spoiler su-spoiler-style-fancy su-spoiler-icon-chevron-circle su-spoiler-closed\" data-scroll-offset=\"0\" data-anchor-in-url=\"no\"><div class=\"su-spoiler-title\" tabindex=\"0\" role=\"button\"><span class=\"su-spoiler-icon\"><\/span>Aten\u00e7\u00e3o \u00e0 trancas e fechaduras:<\/div><div class=\"su-spoiler-content su-u-clearfix su-u-trim\">\n<p>Parece \u00f3bvio mas nunca \u00e9 demais esta recomenda\u00e7\u00e3o:<br \/>\ntroque periodicamente fechaduras e cadeados em seu estabelecimento comercial ou resid\u00eancia.<br \/>\nAo renovar fechaduras, voc\u00ea ainda elimina poss\u00edveis desgastes que possam facilitar o acesso indesejado, contribuindo assim para manter alto o n\u00edvel de seguran\u00e7a.<\/p>\n<\/div><\/div>\n<div class=\"su-spoiler su-spoiler-style-fancy su-spoiler-icon-chevron-circle su-spoiler-closed\" data-scroll-offset=\"0\" data-anchor-in-url=\"no\"><div class=\"su-spoiler-title\" tabindex=\"0\" role=\"button\"><span class=\"su-spoiler-icon\"><\/span>Casa vazia pode atrair aten\u00e7\u00e3o de invasores<\/div><div class=\"su-spoiler-content su-u-clearfix su-u-trim\">\n<p>Procure mostrar que sempre h\u00e1 pessoas em sua resid\u00eancia. A apar\u00eancia de casa vazia pode ser convidativa para invas\u00f5es.<br \/>\nA <strong><a href=\"http:\/\/eletrobauer.com.br\/segurancaeletronica\/contatos\/contato-comercial\/\">Eletrobauer<\/a>\u00a0<\/strong>possui sistemas de ilumina\u00e7\u00e3o inteligente, acionados de modo programado com acionamento de luzes e demais dispositivos de modo autom\u00e1tico.<\/p>\n<\/div><\/div>\n<div class=\"su-spoiler su-spoiler-style-fancy su-spoiler-icon-chevron-circle su-spoiler-closed\" data-scroll-offset=\"0\" data-anchor-in-url=\"no\"><div class=\"su-spoiler-title\" tabindex=\"0\" role=\"button\"><span class=\"su-spoiler-icon\"><\/span>Casa iluminada, seguran\u00e7a redobrada<\/div><div class=\"su-spoiler-content su-u-clearfix su-u-trim\">\n<p>Mantenha sempre sua empresa e residencia com Ilumina\u00e7\u00e3o adequada, especialmente com boa ilumina\u00e7\u00e3o externa durante a noite.<br \/>\nA <strong><a href=\"http:\/\/eletrobauer.com.br\/segurancaeletronica\/contatos\/contato-comercial\/\">Eletrobauer<\/a>\u00a0<\/strong>possui sistemas de ilumina\u00e7\u00e3o inteligente, para ambientes externos e internos, acionados de modo programado com acionamento de luzes e demais dispositivos de modo autom\u00e1tico.<br \/>\nProjetamos mais ilumina\u00e7\u00e3o em pontos de acesso, dificultando assim qualquer tentativa de intrus\u00e3o.<\/p>\n<\/div><\/div>\n<div class=\"su-spoiler su-spoiler-style-fancy su-spoiler-icon-chevron-circle su-spoiler-closed\" data-scroll-offset=\"0\" data-anchor-in-url=\"no\"><div class=\"su-spoiler-title\" tabindex=\"0\" role=\"button\"><span class=\"su-spoiler-icon\"><\/span>N\u00e3o exponha objetos de valor<\/div><div class=\"su-spoiler-content su-u-clearfix su-u-trim\">\n<p>Sempre que possivel, seja em casa ou\u00a0 na sua empresa, evite manter grandes quantias em especie ou objetos e documentos de valor.<br \/>\nObjetos de valor \u00e0 mostra, pode acabar atraindo aten\u00e7\u00e3o indesejada, se transformando em risco para sua seguran\u00e7a.<\/p>\n<\/div><\/div>\n<div class=\"su-spoiler su-spoiler-style-fancy su-spoiler-icon-chevron-circle su-spoiler-closed\" data-scroll-offset=\"0\" data-anchor-in-url=\"no\"><div class=\"su-spoiler-title\" tabindex=\"0\" role=\"button\"><span class=\"su-spoiler-icon\"><\/span>Chave embaixo do tapete, s\u00f3 em filmes!<\/div><div class=\"su-spoiler-content su-u-clearfix su-u-trim\">\n<p>Apos trancar sua casa, mantenha a chave com voc\u00ea e jamais esconda sob o tapete ou em objetos proximos \u00e0 entrada, tampouco deixe c\u00f3pias da chaves nas imedia\u00e7\u00f5es da casa.<\/p>\n<\/div><\/div>\n<div class=\"su-spoiler su-spoiler-style-fancy su-spoiler-icon-chevron-circle su-spoiler-closed\" data-scroll-offset=\"0\" data-anchor-in-url=\"no\"><div class=\"su-spoiler-title\" tabindex=\"0\" role=\"button\"><span class=\"su-spoiler-icon\"><\/span>Janelas sempre fechadas<\/div><div class=\"su-spoiler-content su-u-clearfix su-u-trim\">\n<p>Alem da manter as portas trancadas, certifique-se de que janelas e portas de varanda por exemplo, estejam sempre fechadas durante os per\u00edodos em que estiverem ausentes.<\/p>\n<\/div><\/div>\n<div class=\"su-spoiler su-spoiler-style-fancy su-spoiler-icon-chevron-circle su-spoiler-closed\" data-scroll-offset=\"0\" data-anchor-in-url=\"no\"><div class=\"su-spoiler-title\" tabindex=\"0\" role=\"button\"><span class=\"su-spoiler-icon\"><\/span>Cuidado com Caixas Registradoras<\/div><div class=\"su-spoiler-content su-u-clearfix su-u-trim\">\n<p>Evite manter muito dinheiro ou valores em caixas registradoras: estas s\u00e3o o primeiro alvo em caso de roubo.<\/p>\n<\/div><\/div>\n<div class=\"su-spoiler su-spoiler-style-fancy su-spoiler-icon-chevron-circle su-spoiler-closed\" data-scroll-offset=\"0\" data-anchor-in-url=\"no\"><div class=\"su-spoiler-title\" tabindex=\"0\" role=\"button\"><span class=\"su-spoiler-icon\"><\/span>Cuidado com o que voc\u00ea posta nas redes sociais <\/div><div class=\"su-spoiler-content su-u-clearfix su-u-trim\">\n<p>Na medida do poss\u00edvel evite postar planos de viagens ou seu endere\u00e7o em redes sociais.<br \/>\nDeste modo voce evitar que pessoas mal intecionadas conhe\u00e7a sua rotina, planejamento ou habitos<\/p>\n<\/div><\/div>\n<div class=\"su-spoiler su-spoiler-style-fancy su-spoiler-icon-chevron-circle su-spoiler-closed\" data-scroll-offset=\"0\" data-anchor-in-url=\"no\"><div class=\"su-spoiler-title\" tabindex=\"0\" role=\"button\"><span class=\"su-spoiler-icon\"><\/span>Evite repetir sempre o mesmo trajeto<\/div><div class=\"su-spoiler-content su-u-clearfix su-u-trim\">\n<p>Ao variar seu trajeto, ou mesmo alterar seu hor\u00e1rio de ida e volta do trabalho, voce contribui para sua seguran\u00e7a e dificulta caso algu\u00e9m esteja lhe seguindo.<\/p>\n<\/div><\/div>\n<div class=\"su-spoiler su-spoiler-style-fancy su-spoiler-icon-chevron-circle su-spoiler-closed\" data-scroll-offset=\"0\" data-anchor-in-url=\"no\"><div class=\"su-spoiler-title\" tabindex=\"0\" role=\"button\"><span class=\"su-spoiler-icon\"><\/span>Fique sempre ao entrar ou sair de casa<\/div><div class=\"su-spoiler-content su-u-clearfix su-u-trim\">\n<p>Fique atento se pessoas ou carros desconhecidas estiverem nas imedia\u00e7\u00f5es da sua empresa ou residencia.<br \/>\nFique atento tambem\u00a0 em transporte e locais p\u00fablicos: n\u00e3o deixe celular ou carteira aparentes, evite tamb\u00e9m manipular dinheiro,<\/p>\n<\/div><\/div>\n<div class=\"su-spoiler su-spoiler-style-fancy su-spoiler-icon-chevron-circle su-spoiler-closed\" data-scroll-offset=\"0\" data-anchor-in-url=\"no\"><div class=\"su-spoiler-title\" tabindex=\"0\" role=\"button\"><span class=\"su-spoiler-icon\"><\/span>Seguran\u00e7a tambem se ensina em casa<\/div><div class=\"su-spoiler-content su-u-clearfix su-u-trim\">\n<p>Sempre que poss\u00edvel fale com seus filhos sobre seguran\u00e7a e ensine-os pedir ajuda em caso de emerg\u00eancia, e a n\u00e3o abrir a porta para estranhos e tomar cuidado para nao dar informa\u00e7\u00f5es sobre a casa e escola para desconhecidos, seja na internet ou ao telefone.<\/p>\n<\/div><\/div>\n<hr \/>\n<blockquote><p><strong>Quer receber mais dicas de seguran\u00e7a e lan\u00e7amentos?<\/strong><br \/>\n<strong><a href=\"http:\/\/eletrobauer.com.br\/segurancaeletronica\/contatos\/\">Clique aqui e Fale com a Eletrobauer para receber informativos e novidades de seguran\u00e7a residencial ou corporativa!<\/a><\/strong><\/p><\/blockquote>\n","protected":false},"excerpt":{"rendered":"<p>Alem de fornecer sistemas de seguran\u00e7a eletr\u00f4nica inteligente, a\u00a0Eletrobauer\u00a0listou pequenas dicas e cuidados di\u00e1rios, que podem contribuir para manter sua fam\u00edlia e sua empresa mais seguros! Dicas de seguran\u00e7a Eletrobauer: Quer receber mais dicas de seguran\u00e7a e lan\u00e7amentos? Clique aqui&hellip;&nbsp;<a href=\"https:\/\/eletrobauer.com.br\/segurancaeletronica\/dicas-de-seguranca\/\" class=\"more-link\">Saiba Mais<\/a><\/p>\n","protected":false},"author":1,"featured_media":0,"parent":0,"menu_order":0,"comment_status":"closed","ping_status":"closed","template":"","meta":{"footnotes":"","_links_to":"","_links_to_target":""},"class_list":["post-310","page","type-page","status-publish","hentry"],"_links":{"self":[{"href":"https:\/\/eletrobauer.com.br\/segurancaeletronica\/wp-json\/wp\/v2\/pages\/310","targetHints":{"allow":["GET"]}}],"collection":[{"href":"https:\/\/eletrobauer.com.br\/segurancaeletronica\/wp-json\/wp\/v2\/pages"}],"about":[{"href":"https:\/\/eletrobauer.com.br\/segurancaeletronica\/wp-json\/wp\/v2\/types\/page"}],"author":[{"embeddable":true,"href":"https:\/\/eletrobauer.com.br\/segurancaeletronica\/wp-json\/wp\/v2\/users\/1"}],"replies":[{"embeddable":true,"href":"https:\/\/eletrobauer.com.br\/segurancaeletronica\/wp-json\/wp\/v2\/comments?post=310"}],"version-history":[{"count":6,"href":"https:\/\/eletrobauer.com.br\/segurancaeletronica\/wp-json\/wp\/v2\/pages\/310\/revisions"}],"predecessor-version":[{"id":620,"href":"https:\/\/eletrobauer.com.br\/segurancaeletronica\/wp-json\/wp\/v2\/pages\/310\/revisions\/620"}],"wp:attachment":[{"href":"https:\/\/eletrobauer.com.br\/segurancaeletronica\/wp-json\/wp\/v2\/media?parent=310"}],"curies":[{"name":"wp","href":"https:\/\/api.w.org\/{rel}","templated":true}]}}