{"id":449,"date":"2018-08-01T11:59:47","date_gmt":"2018-08-01T11:59:47","guid":{"rendered":"http:\/\/eletrobauer.com.br\/segurancaeletronica\/?page_id=449"},"modified":"2018-08-01T17:06:34","modified_gmt":"2018-08-01T17:06:34","slug":"solucoes-em-seguranca","status":"publish","type":"page","link":"https:\/\/eletrobauer.com.br\/segurancaeletronica\/solucoes-em-seguranca\/","title":{"rendered":"Solu\u00e7\u00f5es em Seguran\u00e7a"},"content":{"rendered":"<hr \/>\n<p>Clique nos t\u00f3picos abaixo para conhecer os servi\u00e7os em seguran\u00e7a eletr\u00f4nica disponibilizados pela <strong>Eletrobauer<\/strong><\/p>\n<hr \/>\n<div class=\"su-note\"  style=\"border-color:#dadada;border-radius:3px;-moz-border-radius:3px;-webkit-border-radius:3px;\"><div class=\"su-note-inner su-u-clearfix su-u-trim\" style=\"background-color:#f4f4f4;border-color:#ffffff;color:#333333;border-radius:3px;-moz-border-radius:3px;-webkit-border-radius:3px;\">\n<ul id=\"menu-servicos\" class=\"menu\"><li id=\"menu-item-320\" class=\"menu-item menu-item-type-post_type menu-item-object-page menu-item-320\"><a href=\"https:\/\/eletrobauer.com.br\/segurancaeletronica\/alarme-monitorado\/\">Alarme Monitorado<\/a><\/li>\n<li id=\"menu-item-321\" class=\"menu-item menu-item-type-post_type menu-item-object-page menu-item-321\"><a href=\"https:\/\/eletrobauer.com.br\/segurancaeletronica\/cameras-de-monitoramento\/\">C\u00e2meras de Monitoramento<\/a><\/li>\n<li id=\"menu-item-324\" class=\"menu-item menu-item-type-post_type menu-item-object-page menu-item-324\"><a href=\"https:\/\/eletrobauer.com.br\/segurancaeletronica\/portaria-remota\/\">Portaria Remota<\/a><\/li>\n<li id=\"menu-item-326\" class=\"menu-item menu-item-type-post_type menu-item-object-page menu-item-326\"><a href=\"https:\/\/eletrobauer.com.br\/segurancaeletronica\/seguranca-solidaria\/\">Seguran\u00e7a Solid\u00e1ria<\/a><\/li>\n<li id=\"menu-item-325\" class=\"menu-item menu-item-type-post_type menu-item-object-page menu-item-325\"><a href=\"https:\/\/eletrobauer.com.br\/segurancaeletronica\/rastreamento-veicular\/\">Rastreamento Veicular<\/a><\/li>\n<li id=\"menu-item-322\" class=\"menu-item menu-item-type-post_type menu-item-object-page menu-item-322\"><a href=\"https:\/\/eletrobauer.com.br\/segurancaeletronica\/centro-de-controle\/\">Energia Solar<\/a><\/li>\n<li id=\"menu-item-323\" class=\"menu-item menu-item-type-post_type menu-item-object-page menu-item-323\"><a href=\"https:\/\/eletrobauer.com.br\/segurancaeletronica\/manutencao-e-suporte-continuado\/\">Manuten\u00e7\u00e3o e Suporte Continuado<\/a><\/li>\n<li id=\"menu-item-327\" class=\"menu-item menu-item-type-post_type menu-item-object-page menu-item-327\"><a href=\"https:\/\/eletrobauer.com.br\/segurancaeletronica\/terceirizacao-de-monitoramento-de-alarmes\/\">Terceiriza\u00e7\u00e3o de Monitoramento de Alarmes<\/a><\/li>\n<\/ul>\n<\/div><\/div>\n<hr \/>\n<div id=\"su_slider_69dbc59063912\" class=\"su-slider su-slider-centered su-slider-pages-no su-slider-responsive-no\" style=\"width:800px;height:380px\" data-autoplay=\"3000\" data-speed=\"600\" data-mousewheel=\"false\"><div class=\"su-slider-slides\"><div class=\"su-slider-slide\"><a><img decoding=\"async\" src=\"https:\/\/eletrobauer.com.br\/segurancaeletronica\/wp-content\/uploads\/2018\/07\/slider_eletrobauer02-800x380.jpg\" alt=\"Eletrobauer\" \/><\/a><\/div><div class=\"su-slider-slide\"><a><img decoding=\"async\" src=\"https:\/\/eletrobauer.com.br\/segurancaeletronica\/wp-content\/uploads\/2018\/07\/slider_eletrobauer04-800x380.jpg\" alt=\"Seguran\u00e7a Solid\u00e1ria\" \/><\/a><\/div><div class=\"su-slider-slide\"><a><img decoding=\"async\" src=\"https:\/\/eletrobauer.com.br\/segurancaeletronica\/wp-content\/uploads\/2018\/07\/slider_eletrobauer07-800x380.jpg\" alt=\"Seguran\u00e7a eletr\u00f4nica em Petr\u00f3polis\" \/><\/a><\/div><div class=\"su-slider-slide\"><a><img decoding=\"async\" src=\"https:\/\/eletrobauer.com.br\/segurancaeletronica\/wp-content\/uploads\/2018\/07\/slider_instalacao-800x380.jpg\" alt=\"Manuten\u00e7\u00e3o e Suporte Continuado\" \/><\/a><\/div><div class=\"su-slider-slide\"><a><img decoding=\"async\" src=\"https:\/\/eletrobauer.com.br\/segurancaeletronica\/wp-content\/uploads\/2018\/07\/slider_monitoramentos3-800x380.jpg\" alt=\"monitoramento 24 horas no RJ\" \/><\/a><\/div><div class=\"su-slider-slide\"><a><img decoding=\"async\" src=\"https:\/\/eletrobauer.com.br\/segurancaeletronica\/wp-content\/uploads\/2018\/07\/slider_terceirizacao-800x380.jpg\" alt=\"Terceiriza\u00e7\u00e3o de Monitoramento\" \/><\/a><\/div><\/div><div class=\"su-slider-nav\"><div class=\"su-slider-direction\"><span class=\"su-slider-prev\"><\/span><span class=\"su-slider-next\"><\/span><\/div><div class=\"su-slider-pagination\"><\/div><\/div><\/div>\n<blockquote>\n<h2><strong>Eletrobauer: seguran\u00e7a eletr\u00f4nica inteligente 24h.<\/strong><\/h2>\n<\/blockquote>\n","protected":false},"excerpt":{"rendered":"<p>Clique nos t\u00f3picos abaixo para conhecer os servi\u00e7os em seguran\u00e7a eletr\u00f4nica disponibilizados pela Eletrobauer Eletrobauer: seguran\u00e7a eletr\u00f4nica inteligente 24h.<\/p>\n","protected":false},"author":1,"featured_media":0,"parent":0,"menu_order":0,"comment_status":"closed","ping_status":"closed","template":"","meta":{"footnotes":"","_links_to":"","_links_to_target":""},"class_list":["post-449","page","type-page","status-publish","hentry"],"_links":{"self":[{"href":"https:\/\/eletrobauer.com.br\/segurancaeletronica\/wp-json\/wp\/v2\/pages\/449","targetHints":{"allow":["GET"]}}],"collection":[{"href":"https:\/\/eletrobauer.com.br\/segurancaeletronica\/wp-json\/wp\/v2\/pages"}],"about":[{"href":"https:\/\/eletrobauer.com.br\/segurancaeletronica\/wp-json\/wp\/v2\/types\/page"}],"author":[{"embeddable":true,"href":"https:\/\/eletrobauer.com.br\/segurancaeletronica\/wp-json\/wp\/v2\/users\/1"}],"replies":[{"embeddable":true,"href":"https:\/\/eletrobauer.com.br\/segurancaeletronica\/wp-json\/wp\/v2\/comments?post=449"}],"version-history":[{"count":15,"href":"https:\/\/eletrobauer.com.br\/segurancaeletronica\/wp-json\/wp\/v2\/pages\/449\/revisions"}],"predecessor-version":[{"id":466,"href":"https:\/\/eletrobauer.com.br\/segurancaeletronica\/wp-json\/wp\/v2\/pages\/449\/revisions\/466"}],"wp:attachment":[{"href":"https:\/\/eletrobauer.com.br\/segurancaeletronica\/wp-json\/wp\/v2\/media?parent=449"}],"curies":[{"name":"wp","href":"https:\/\/api.w.org\/{rel}","templated":true}]}}