{"id":46,"date":"2017-09-27T11:38:58","date_gmt":"2017-09-27T11:38:58","guid":{"rendered":"http:\/\/eletrobauer.com.br\/segurancaeletronica\/?page_id=46"},"modified":"2018-07-30T21:13:58","modified_gmt":"2018-07-30T21:13:58","slug":"escritorio-de-servicos","status":"publish","type":"page","link":"https:\/\/eletrobauer.com.br\/segurancaeletronica\/onde-estamos\/escritorio-de-servicos\/","title":{"rendered":"Escrit\u00f3rio de Servi\u00e7os"},"content":{"rendered":"<p><strong>Matriz &#8211; Escrit\u00f3rio operacional:\u00a0<\/strong><\/p>\n<p>Av. Ipiranga, 868, Centro, Petr\u00f3polis, RJ | Cep 25.610-150<br \/>\nTel.: (24) 2103-3789 |\u00a0\u00a0<a href=\"mailto:eletrobauer@eletrobauer.com.br\">eletrobauer@eletrobauer.com.br<\/a><\/p>\n<hr \/>\n<p><iframe loading=\"lazy\" style=\"border: 0;\" src=\"https:\/\/www.google.com\/maps\/embed?pb=!1m18!1m12!1m3!1d3686.0270295988275!2d-43.17403868463435!3d-22.503169029251357!2m3!1f0!2f0!3f0!3m2!1i1024!2i768!4f13.1!3m3!1m2!1s0x99a803e02604ef%3A0x80f3b0b77e57e78d!2sEletrobauer+Sistemas+Eletr%C3%B4nicos+Ltda!5e0!3m2!1spt-BR!2sbr!4v1532975700339\" width=\"800\" height=\"450\" frameborder=\"0\" allowfullscreen=\"allowfullscreen\"><\/iframe><\/p>\n<hr \/>\n<p><a href=\"http:\/\/eletrobauer.com.br\/segurancaeletronica\/contatos\/contato-comercial\/\">Clique aqui e entre em contato com a Eletrobauer<\/a><\/p>\n<hr \/>\n","protected":false},"excerpt":{"rendered":"<p>Matriz &#8211; Escrit\u00f3rio operacional:\u00a0 Av. Ipiranga, 868, Centro, Petr\u00f3polis, RJ | Cep 25.610-150 Tel.: (24) 2103-3789 |\u00a0\u00a0eletrobauer@eletrobauer.com.br Clique aqui e entre em contato com a Eletrobauer<\/p>\n","protected":false},"author":1,"featured_media":0,"parent":42,"menu_order":0,"comment_status":"closed","ping_status":"closed","template":"","meta":{"footnotes":"","_links_to":"","_links_to_target":""},"class_list":["post-46","page","type-page","status-publish","hentry"],"_links":{"self":[{"href":"https:\/\/eletrobauer.com.br\/segurancaeletronica\/wp-json\/wp\/v2\/pages\/46","targetHints":{"allow":["GET"]}}],"collection":[{"href":"https:\/\/eletrobauer.com.br\/segurancaeletronica\/wp-json\/wp\/v2\/pages"}],"about":[{"href":"https:\/\/eletrobauer.com.br\/segurancaeletronica\/wp-json\/wp\/v2\/types\/page"}],"author":[{"embeddable":true,"href":"https:\/\/eletrobauer.com.br\/segurancaeletronica\/wp-json\/wp\/v2\/users\/1"}],"replies":[{"embeddable":true,"href":"https:\/\/eletrobauer.com.br\/segurancaeletronica\/wp-json\/wp\/v2\/comments?post=46"}],"version-history":[{"count":7,"href":"https:\/\/eletrobauer.com.br\/segurancaeletronica\/wp-json\/wp\/v2\/pages\/46\/revisions"}],"predecessor-version":[{"id":401,"href":"https:\/\/eletrobauer.com.br\/segurancaeletronica\/wp-json\/wp\/v2\/pages\/46\/revisions\/401"}],"up":[{"embeddable":true,"href":"https:\/\/eletrobauer.com.br\/segurancaeletronica\/wp-json\/wp\/v2\/pages\/42"}],"wp:attachment":[{"href":"https:\/\/eletrobauer.com.br\/segurancaeletronica\/wp-json\/wp\/v2\/media?parent=46"}],"curies":[{"name":"wp","href":"https:\/\/api.w.org\/{rel}","templated":true}]}}