{"id":52,"date":"2017-09-27T11:40:36","date_gmt":"2017-09-27T11:40:36","guid":{"rendered":"http:\/\/eletrobauer.com.br\/segurancaeletronica\/?page_id=52"},"modified":"2018-08-08T15:30:05","modified_gmt":"2018-08-08T15:30:05","slug":"diferenciais","status":"publish","type":"page","link":"https:\/\/eletrobauer.com.br\/segurancaeletronica\/diferenciais\/","title":{"rendered":"Diferenciais"},"content":{"rendered":"<p>O <a href=\"http:\/\/eletrobauer.com.br\/segurancaeletronica\"><strong>Eletrobauer<\/strong> <\/a>se destaca como uma das mais expressivas empresas de Sistemas Eletr\u00f4nicos aplicados \u00e0 Seguran\u00e7a do Estado do Rio de Janeiro<br \/>\nPioneira na implanta\u00e7\u00e3o de monitoramento de alarme em Petr\u00f3polis e regi\u00e3o serrana, com central de monitoramento ininterrupto, 24 horas, 7 dias por semana,\u00a0primando por alto padr\u00e3o tecnol\u00f3gico e pronta resposta em caso de incidentes.<\/p>\n<hr \/>\n<p>Clique nos t\u00f3picos abaixo e conhe\u00e7a nossos diferenciais:<\/p>\n<hr \/>\n<div class=\"su-spoiler su-spoiler-style-fancy su-spoiler-icon-chevron-circle su-spoiler-closed\" data-scroll-offset=\"0\" data-anchor-in-url=\"no\"><div class=\"su-spoiler-title\" tabindex=\"0\" role=\"button\"><span class=\"su-spoiler-icon\"><\/span>Tradi\u00e7\u00e3o com mais de duas d\u00e9cadas de Experi\u00eancia<\/div><div class=\"su-spoiler-content su-u-clearfix su-u-trim\">\n<p>Sediado em Petr\u00f3polis, o O\u00a0<a href=\"http:\/\/eletrobauer.com.br\/segurancaeletronica\"><strong>Grupo Eletrobauer<\/strong><\/a>\u00a0 atua desde 1992 no segmento de seguran\u00e7a eletr\u00f4nica.<\/p>\n<\/div><\/div>\n<div class=\"su-spoiler su-spoiler-style-fancy su-spoiler-icon-chevron-circle su-spoiler-closed\" data-scroll-offset=\"0\" data-anchor-in-url=\"no\"><div class=\"su-spoiler-title\" tabindex=\"0\" role=\"button\"><span class=\"su-spoiler-icon\"><\/span>Robusta Infra Estrutura<\/div><div class=\"su-spoiler-content su-u-clearfix su-u-trim\">\n<p>Com robusta estrutura f\u00edsica e operacional, destacamos ampla sede em um dos melhores endere\u00e7os de Petr\u00f3polis, equipada com moderno setor de monitoramento 24 horas e Centro de Treinamento pr\u00f3prio. Contamos ainda com frota pr\u00f3pria e loja para venda, com pronta entrega, instala\u00e7\u00e3o e manuten\u00e7\u00e3o de equipamentos eletr\u00f4nicos de seguran\u00e7a.<\/p>\n<\/div><\/div>\n<div class=\"su-spoiler su-spoiler-style-fancy su-spoiler-icon-chevron-circle su-spoiler-closed\" data-scroll-offset=\"0\" data-anchor-in-url=\"no\"><div class=\"su-spoiler-title\" tabindex=\"0\" role=\"button\"><span class=\"su-spoiler-icon\"><\/span>Profissionais qualificados<\/div><div class=\"su-spoiler-content su-u-clearfix su-u-trim\">\n<p>Equipe t\u00e9cnica formada por engenheiros, analistas e administradores, alem de manter e qualificar colaboradores pr\u00f3prios, treinados e capacitados em instala\u00e7\u00e3o e manuten\u00e7\u00e3o.<\/p>\n<\/div><\/div>\n<div class=\"su-spoiler su-spoiler-style-fancy su-spoiler-icon-chevron-circle su-spoiler-closed\" data-scroll-offset=\"0\" data-anchor-in-url=\"no\"><div class=\"su-spoiler-title\" tabindex=\"0\" role=\"button\"><span class=\"su-spoiler-icon\"><\/span>Centro de treinamento pr\u00f3prio<\/div><div class=\"su-spoiler-content su-u-clearfix su-u-trim\">\n<p>Somos uma das poucas empresas do setor na regi\u00e3o que possui centro pr\u00f3prio de treinamento, com investimentos expressivos na capacita\u00e7\u00e3o, desenvolvimento e reciclagem de nossos profissionais, formando em m\u00e3o de obra pr\u00f3pria especializada, capacitada e treinada, assegurando alto desempenho alinhado a padr\u00f5es internacionais de qualidade em todas as etapas de cada projeto.<\/p>\n<\/div><\/div>\n<div class=\"su-spoiler su-spoiler-style-fancy su-spoiler-icon-chevron-circle su-spoiler-closed\" data-scroll-offset=\"0\" data-anchor-in-url=\"no\"><div class=\"su-spoiler-title\" tabindex=\"0\" role=\"button\"><span class=\"su-spoiler-icon\"><\/span>Mais de 5.000 clientes atendidos<\/div><div class=\"su-spoiler-content su-u-clearfix su-u-trim\">\n<p>A empresa contabiliza mais de 5000 clientes atendidos em diversas cidades, mantendo servi\u00e7o de monitoramento de sensores e alarme em empresas e resid\u00eancias.<\/p>\n<\/div><\/div>\n<div class=\"su-spoiler su-spoiler-style-fancy su-spoiler-icon-chevron-circle su-spoiler-closed\" data-scroll-offset=\"0\" data-anchor-in-url=\"no\"><div class=\"su-spoiler-title\" tabindex=\"0\" role=\"button\"><span class=\"su-spoiler-icon\"><\/span>Parcerias com os melhores do setor<\/div><div class=\"su-spoiler-content su-u-clearfix su-u-trim\">\n<p>O <strong><a href=\"http:\/\/eletrobauer.com.br\/segurancaeletronica\">Grupo Eletrobauer<\/a>\u00a0<\/strong>\u00a0tem parceria consolidada com os mais renomados fabricantes do setor,\u00a0 com acesso as mais recentes tecnologias e lan\u00e7amentos em seguran\u00e7a eletr\u00f4nica por seus fornecedores.<\/p>\n<\/div><\/div>\n<div class=\"su-spoiler su-spoiler-style-fancy su-spoiler-icon-chevron-circle su-spoiler-closed\" data-scroll-offset=\"0\" data-anchor-in-url=\"no\"><div class=\"su-spoiler-title\" tabindex=\"0\" role=\"button\"><span class=\"su-spoiler-icon\"><\/span>Empresa Associada ABESE e certifica\u00e7\u00f5es<\/div><div class=\"su-spoiler-content su-u-clearfix su-u-trim\">\n<p>A <a href=\"http:\/\/eletrobauer.com.br\/segurancaeletronica\"><strong>Eletrobauer<\/strong> <\/a>\u00e9 associada da <a href=\"http:\/\/www.abese.org.br\" target=\"_blank\" rel=\"noopener\"><strong>ABESE<\/strong>\u00a0<\/a>(Associa\u00e7\u00e3o Brasileira das Empresas de Sistemas Eletr\u00f4nicos de Seguran\u00e7a) desde 2004, reconhecido \u00f3rg\u00e3o que re\u00fane centenas de empresas em todas as regi\u00f5es do Brasil.<\/p>\n<p><img loading=\"lazy\" decoding=\"async\" class=\"aligncenter size-full wp-image-389\" src=\"http:\/\/eletrobauer.com.br\/segurancaeletronica\/wp-content\/uploads\/2018\/07\/banner_eletrobauer_abese.png\" alt=\"\" width=\"869\" height=\"292\" \/><\/p>\n<\/div><\/div>\n<blockquote>\n<h3><strong>Eletrobauer: seguran\u00e7a eletr\u00f4nica inteligente 24h.<\/strong><\/h3>\n<\/blockquote>\n","protected":false},"excerpt":{"rendered":"<p>O Eletrobauer se destaca como uma das mais expressivas empresas de Sistemas Eletr\u00f4nicos aplicados \u00e0 Seguran\u00e7a do Estado do Rio de Janeiro Pioneira na implanta\u00e7\u00e3o de monitoramento de alarme em Petr\u00f3polis e regi\u00e3o serrana, com central de monitoramento ininterrupto, 24&hellip;&nbsp;<a href=\"https:\/\/eletrobauer.com.br\/segurancaeletronica\/diferenciais\/\" class=\"more-link\">Saiba Mais<\/a><\/p>\n","protected":false},"author":1,"featured_media":0,"parent":0,"menu_order":0,"comment_status":"closed","ping_status":"closed","template":"","meta":{"footnotes":"","_links_to":"","_links_to_target":""},"class_list":["post-52","page","type-page","status-publish","hentry"],"_links":{"self":[{"href":"https:\/\/eletrobauer.com.br\/segurancaeletronica\/wp-json\/wp\/v2\/pages\/52","targetHints":{"allow":["GET"]}}],"collection":[{"href":"https:\/\/eletrobauer.com.br\/segurancaeletronica\/wp-json\/wp\/v2\/pages"}],"about":[{"href":"https:\/\/eletrobauer.com.br\/segurancaeletronica\/wp-json\/wp\/v2\/types\/page"}],"author":[{"embeddable":true,"href":"https:\/\/eletrobauer.com.br\/segurancaeletronica\/wp-json\/wp\/v2\/users\/1"}],"replies":[{"embeddable":true,"href":"https:\/\/eletrobauer.com.br\/segurancaeletronica\/wp-json\/wp\/v2\/comments?post=52"}],"version-history":[{"count":11,"href":"https:\/\/eletrobauer.com.br\/segurancaeletronica\/wp-json\/wp\/v2\/pages\/52\/revisions"}],"predecessor-version":[{"id":624,"href":"https:\/\/eletrobauer.com.br\/segurancaeletronica\/wp-json\/wp\/v2\/pages\/52\/revisions\/624"}],"wp:attachment":[{"href":"https:\/\/eletrobauer.com.br\/segurancaeletronica\/wp-json\/wp\/v2\/media?parent=52"}],"curies":[{"name":"wp","href":"https:\/\/api.w.org\/{rel}","templated":true}]}}