{"id":54,"date":"2017-09-27T11:41:30","date_gmt":"2017-09-27T11:41:30","guid":{"rendered":"http:\/\/eletrobauer.com.br\/segurancaeletronica\/?page_id=54"},"modified":"2024-03-12T13:53:57","modified_gmt":"2024-03-12T13:53:57","slug":"sobre-a-eletrobauer","status":"publish","type":"page","link":"https:\/\/eletrobauer.com.br\/segurancaeletronica\/sobre-a-eletrobauer\/","title":{"rendered":"A Empresa"},"content":{"rendered":"<p>Com mais de duas d\u00e9cadas atuando no segmento de seguran\u00e7a eletr\u00f4nica, o <a href=\"http:\/\/eletrobauer.com.br\/segurancaeletronica\"><strong>Grupo Eletrobauer<\/strong><\/a> re\u00fane servi\u00e7os de monitoramento eletr\u00f4nico com tecnologia de ultima gera\u00e7\u00e3o, com solu\u00e7\u00f5es completas, reunindo venda, instala\u00e7\u00e3o e manuten\u00e7\u00e3o de equipamentos eletr\u00f4nicos de seguran\u00e7a.<\/p>\n<p>Disponibilizamos uma gama de servi\u00e7os de seguran\u00e7a eletr\u00f4nica, primando por alto padr\u00e3o tecnol\u00f3gico, abrangendo desde Sistemas de Alarmes Monitorados, C\u00e2meras de Monitoramento e Portaria Remota, at\u00e9 servi\u00e7os inteligentes de Seguran\u00e7a Solid\u00e1ria, Centro de Controle, alem de Rastreamento Veicular, Manuten\u00e7\u00e3o e Suporte Continuado e Terceiriza\u00e7\u00e3o de Monitoramento de Alarmes.<\/p>\n<p>Pioneira na implanta\u00e7\u00e3o de monitoramento de alarme em Petr\u00f3polis e regi\u00e3o serrana, atualmente<br \/>\no Grupo <a href=\"http:\/\/eletrobauer.com.br\/segurancaeletronica\"><strong>Grupo Eletrobauer<\/strong> <\/a>se destaca como uma das mais expressivas empresas de Sistemas Eletr\u00f4nicos aplicados \u00e0 Seguran\u00e7a do Estado do Rio de Janeiro.<\/p>\n<p>Com robusta estrutura f\u00edsica e operacional, nossa central trabalha com gerenciamento ininterrupto 24 horas, 7 dias por semana, com mais de mil clientes atendidos em diversas cidades, atrav\u00e9s de servi\u00e7o de monitoramento de sensores e alarme, permitindo pronta resposta em caso de incidentes.<\/p>\n<p>Com parcerias consolidadas com os mais renomados fabricantes do setor, a <a href=\"http:\/\/eletrobauer.com.br\/segurancaeletronica\"><strong>Eletrobauer<\/strong> <\/a>\u00e9 associada da <a href=\"http:\/\/www.abese.org.br\" target=\"_blank\" rel=\"noopener\"><strong>ABESE<\/strong>\u00a0<\/a>(Associa\u00e7\u00e3o Brasileira das Empresas de Sistemas Eletr\u00f4nicos de Seguran\u00e7a) desde 2004, reconhecido \u00f3rg\u00e3o que re\u00fane centenas de empresas em todas as regi\u00f5es do Brasil.<\/p>\n<p>Com equipe t\u00e9cnica formada por engenheiros, analistas e administradores, o <a href=\"http:\/\/eletrobauer.com.br\/segurancaeletronica\"><strong>Grupo Eletrobauer<\/strong><\/a> investe constantemente na capacita\u00e7\u00e3o, desenvolvimento e reciclagem de seus profissionais, resultando em m\u00e3o de obra especializada, capacitada e treinada em centro de treinamento pr\u00f3prio, assegurando, deste modo, em alto desempenho alinhado a padr\u00f5es internacionais de qualidade, em proposta de valor agregado e \u00f3timo custo benef\u00edcio em cada projeto!<\/p>\n<hr \/>\n<h3>MISS\u00c3O<\/h3>\n<p>\u201cOferecer seguran\u00e7a e conforto, com tecnologia de ponta preservando a vida e o patrim\u00f4nio de seus<br \/>\nclientes atrav\u00e9s dos seus servi\u00e7os com profissionais capacitados, motivados e sempre atualizados.<br \/>\nProcuramos atender de forma comprometida e com responsabilidade social.<\/p>\n<hr \/>\n<h3><strong>VIS\u00c3O<\/strong><\/h3>\n<p>Ser conhecida como uma das melhores empresas de seguran\u00e7a eletr\u00f4nica do estado do Rio de<br \/>\nJaneiro, oferecendo sempre as melhores solu\u00e7\u00f5es para nossos clientes. Nossa meta \u00e9 crescer com<br \/>\nqualidade, atingindo novas regi\u00f5es do estado e do pa\u00eds.<\/p>\n<hr \/>\n<h3><strong>VALORES<\/strong><\/h3>\n<p>Atender a nossos clientes com qualidade, transpar\u00eancia e honestidade em nossos neg\u00f3cio;<br \/>\nTrabalhar com inova\u00e7\u00e3o, tecnologia de ponta, comprometimento e agilidade;<br \/>\nUtilizar equipamentos de \u00faltima gera\u00e7\u00e3o e m\u00e3o de obra especializada.<\/p>\n<hr \/>\n<p><a href=\"http:\/\/eletrobauer.com.br\/segurancaeletronica\/wp-content\/uploads\/2018\/07\/banner_abese.png\" data-rel=\"lightbox-image-0\" data-rl_title=\"\" data-rl_caption=\"\" title=\"\"><img loading=\"lazy\" decoding=\"async\" class=\"aligncenter size-full wp-image-389\" src=\"http:\/\/eletrobauer.com.br\/segurancaeletronica\/wp-content\/uploads\/2018\/07\/banner_eletrobauer_abese.png\" alt=\"\" width=\"869\" height=\"292\" \/><\/a><\/p>\n<blockquote>\n<h3><strong>Eletrobauer: seguran\u00e7a eletr\u00f4nica inteligente 24h.<\/strong><\/h3>\n<\/blockquote>\n","protected":false},"excerpt":{"rendered":"<p>Com mais de duas d\u00e9cadas atuando no segmento de seguran\u00e7a eletr\u00f4nica, o Grupo Eletrobauer re\u00fane servi\u00e7os de monitoramento eletr\u00f4nico com tecnologia de ultima gera\u00e7\u00e3o, com solu\u00e7\u00f5es completas, reunindo venda, instala\u00e7\u00e3o e manuten\u00e7\u00e3o de equipamentos eletr\u00f4nicos de seguran\u00e7a. Disponibilizamos uma gama&hellip;&nbsp;<a href=\"https:\/\/eletrobauer.com.br\/segurancaeletronica\/sobre-a-eletrobauer\/\" class=\"more-link\">Saiba Mais<\/a><\/p>\n","protected":false},"author":1,"featured_media":0,"parent":0,"menu_order":0,"comment_status":"closed","ping_status":"closed","template":"","meta":{"footnotes":"","_links_to":"","_links_to_target":""},"class_list":["post-54","page","type-page","status-publish","hentry"],"_links":{"self":[{"href":"https:\/\/eletrobauer.com.br\/segurancaeletronica\/wp-json\/wp\/v2\/pages\/54","targetHints":{"allow":["GET"]}}],"collection":[{"href":"https:\/\/eletrobauer.com.br\/segurancaeletronica\/wp-json\/wp\/v2\/pages"}],"about":[{"href":"https:\/\/eletrobauer.com.br\/segurancaeletronica\/wp-json\/wp\/v2\/types\/page"}],"author":[{"embeddable":true,"href":"https:\/\/eletrobauer.com.br\/segurancaeletronica\/wp-json\/wp\/v2\/users\/1"}],"replies":[{"embeddable":true,"href":"https:\/\/eletrobauer.com.br\/segurancaeletronica\/wp-json\/wp\/v2\/comments?post=54"}],"version-history":[{"count":10,"href":"https:\/\/eletrobauer.com.br\/segurancaeletronica\/wp-json\/wp\/v2\/pages\/54\/revisions"}],"predecessor-version":[{"id":1007,"href":"https:\/\/eletrobauer.com.br\/segurancaeletronica\/wp-json\/wp\/v2\/pages\/54\/revisions\/1007"}],"wp:attachment":[{"href":"https:\/\/eletrobauer.com.br\/segurancaeletronica\/wp-json\/wp\/v2\/media?parent=54"}],"curies":[{"name":"wp","href":"https:\/\/api.w.org\/{rel}","templated":true}]}}